{"id":1616,"date":"2023-07-07T05:42:52","date_gmt":"2023-07-07T05:42:52","guid":{"rendered":"https:\/\/healthy-choice.co.uk\/?post_type=product&#038;p=1616"},"modified":"2025-10-01T00:10:32","modified_gmt":"2025-09-30T21:10:32","slug":"set-l-carnitine-orange-flavor-100-pure-collagen-strawberry-flavor","status":"publish","type":"product","link":"https:\/\/healthy-choice.co.uk\/fr\/produit\/set-l-carnitine-orange-flavor-100-pure-collagen-strawberry-flavor\/","title":{"rendered":"Set : L-Carnitine go\u00fbt orange + 100% collag\u00e8ne pur go\u00fbt fraise"},"content":{"rendered":"<p><strong>100% COLLAG\u00c8NE PUR AR\u00d4ME FRAISE<\/strong><\/p>\n<p>Quantit\u00e9 nette 500 ml<\/p>\n<p>Le collag\u00e8ne est une prot\u00e9ine naturelle du corps humain qui soutient la structure de la peau, des os et des muscles, mais au cours du processus de vieillissement, la capacit\u00e9 de l'organisme \u00e0 synth\u00e9tiser du collag\u00e8ne diminue. C'est pourquoi des suppl\u00e9ments de collag\u00e8ne ont \u00e9t\u00e9 mis au point pour aider \u00e0 maintenir l'\u00e9tat normal de la peau, des cheveux et des ongles, r\u00e9duire la perte osseuse et avoir un effet positif sur le syst\u00e8me cardiovasculaire.<\/p>\n<p>Le collag\u00e8ne 100 % pur \u00e0 l'ar\u00f4me de fraise est de la meilleure qualit\u00e9, cr\u00e9\u00e9 en pr\u00e9servant toutes les substances les plus importantes pour am\u00e9liorer l'\u00e9tat des cheveux, de la peau, des ongles, des tissus conjonctifs et des articulations. Il s'agit d'un produit de qualit\u00e9, bon march\u00e9, au go\u00fbt de fraise, qui convient \u00e0 une utilisation quotidienne.<\/p>\n<p>Le collag\u00e8ne 100 % pur \u00e0 l'ar\u00f4me de fraise contient de la biotine, du zinc, de la vitamine E et de la vitamine C. La biotine est extr\u00eamement importante pour le m\u00e9tabolisme des glucides, des prot\u00e9ines et des graisses. La biotine contribue au maintien d'un m\u00e9tabolisme \u00e9nerg\u00e9tique normal, \u00e0 l'activit\u00e9 du syst\u00e8me nerveux, \u00e0 la fonction psychologique et \u00e0 l'\u00e9tat de la peau. Le zinc est essentiel \u00e0 la production de prot\u00e9ines, importantes pour le d\u00e9veloppement et le fonctionnement des cellules immunitaires. Le zinc, comme les vitamines E et C, contribue au maintien d'un syst\u00e8me immunitaire fort.<\/p>\n<p>&nbsp;<\/p>\n<p><strong>L-CARNITINE AR\u00d4ME ORANGE<\/strong><\/p>\n<p>Quantit\u00e9 nette 1000 ml<\/p>\n<p>La L-carnitine est un compos\u00e9 de vitamines et d'acides amin\u00e9s comparable aux vitamines du groupe B. La L-carnitine fonctionne comme un transporteur d'acides gras dans la mitochondrie. Cette substance fonctionne comme un transporteur d'acides gras dans la mitochondrie. La L-carnitine agit comme un assistant pour vous aider \u00e0 br\u00fbler les graisses plus rapidement et \u00e0 perdre du poids naturellement. De plus, des \u00e9tudes r\u00e9centes prouvent que la L-carnitine aide \u00e0 r\u00e9duire la fatigue, le poids corporel et \u00e0 augmenter la masse musculaire, stabilise le taux de sucre dans le sang et r\u00e9duit en m\u00eame temps le besoin d'hydrates de carbone. La carnitine aide \u00e0 mobiliser les r\u00e9serves de graisse, en particulier chez les personnes en surpoids.<\/p>\n<p>La L-carnitine a un go\u00fbt d'orange particuli\u00e8rement d\u00e9licieux, sans colorants synth\u00e9tiques ni exhausteurs de go\u00fbt, fabriqu\u00e9 en conservant toutes les substances les plus importantes qui ont un effet positif sur le corps humain. Il est extr\u00eamement important que cette L-carnitine soit sous forme liquide, afin que le corps l'absorbe beaucoup plus rapidement et facilement. Ce suppl\u00e9ment contient une quantit\u00e9 particuli\u00e8rement importante de carnitine, une portion (25ml) contient 1667mg, et 100ml - 6668mg.<\/p>","protected":false},"excerpt":{"rendered":"<div class=\"product-short-description\">\n<p>Set : L-Carnitine go\u00fbt orange + 100% collag\u00e8ne pur go\u00fbt fraise<\/p>\n<\/div>","protected":false},"featured_media":1617,"template":"","meta":[],"product_brand":[],"product_cat":[41,27,25],"product_tag":[43],"giftcard-category":[],"class_list":{"0":"post-1616","1":"product","2":"type-product","3":"status-publish","4":"has-post-thumbnail","6":"product_cat-l-carnitine","7":"product_cat-sets","8":"product_cat-special-offers","9":"product_tag-l-carnitine-or-collagen-gift","11":"first","12":"instock","13":"sale","14":"taxable","15":"shipping-taxable","16":"purchasable","17":"product-type-simple"},"aioseo_notices":[],"_links":{"self":[{"href":"https:\/\/healthy-choice.co.uk\/fr\/wp-json\/wp\/v2\/product\/1616","targetHints":{"allow":["GET"]}}],"collection":[{"href":"https:\/\/healthy-choice.co.uk\/fr\/wp-json\/wp\/v2\/product"}],"about":[{"href":"https:\/\/healthy-choice.co.uk\/fr\/wp-json\/wp\/v2\/types\/product"}],"wp:featuredmedia":[{"embeddable":true,"href":"https:\/\/healthy-choice.co.uk\/fr\/wp-json\/wp\/v2\/media\/1617"}],"wp:attachment":[{"href":"https:\/\/healthy-choice.co.uk\/fr\/wp-json\/wp\/v2\/media?parent=1616"}],"wp:term":[{"taxonomy":"product_brand","embeddable":true,"href":"https:\/\/healthy-choice.co.uk\/fr\/wp-json\/wp\/v2\/product_brand?post=1616"},{"taxonomy":"product_cat","embeddable":true,"href":"https:\/\/healthy-choice.co.uk\/fr\/wp-json\/wp\/v2\/product_cat?post=1616"},{"taxonomy":"product_tag","embeddable":true,"href":"https:\/\/healthy-choice.co.uk\/fr\/wp-json\/wp\/v2\/product_tag?post=1616"},{"taxonomy":"giftcard-category","embeddable":true,"href":"https:\/\/healthy-choice.co.uk\/fr\/wp-json\/wp\/v2\/giftcard-category?post=1616"}],"curies":[{"name":"wp","href":"https:\/\/api.w.org\/{rel}","templated":true}]}}