{"id":1614,"date":"2023-07-07T05:34:27","date_gmt":"2023-07-07T05:34:27","guid":{"rendered":"https:\/\/healthy-choice.co.uk\/?post_type=product&#038;p=1614"},"modified":"2025-06-02T14:07:59","modified_gmt":"2025-06-02T11:07:59","slug":"set-collagen-strawberry-flavor-100-pure-healthy-choice-500ml-3-pcs","status":"publish","type":"product","link":"https:\/\/healthy-choice.co.uk\/fr\/produit\/set-collagen-strawberry-flavor-100-pure-healthy-choice-500ml-3-pcs\/","title":{"rendered":"Ensemble : Collag\u00e8ne saveur fraise, 100% pure HEALTHY CHOICE, 500ml (3 pcs.)"},"content":{"rendered":"<p><strong>100% COLLAG\u00c8NE PUR AR\u00d4ME FRAISE<\/strong><\/p>\n<p>Quantit\u00e9 nette 500 ml<\/p>\n<p>Le collag\u00e8ne est une prot\u00e9ine naturelle du corps humain qui soutient la structure de la peau, des os et des muscles, mais au cours du processus de vieillissement, la capacit\u00e9 de l'organisme \u00e0 synth\u00e9tiser du collag\u00e8ne diminue. C'est pourquoi des suppl\u00e9ments de collag\u00e8ne ont \u00e9t\u00e9 mis au point pour aider \u00e0 maintenir l'\u00e9tat normal de la peau, des cheveux et des ongles, r\u00e9duire la perte osseuse et avoir un effet positif sur le syst\u00e8me cardiovasculaire.<\/p>\n<p>Le collag\u00e8ne 100 % pur \u00e0 l'ar\u00f4me de fraise est de la meilleure qualit\u00e9, cr\u00e9\u00e9 en pr\u00e9servant toutes les substances les plus importantes pour am\u00e9liorer l'\u00e9tat des cheveux, de la peau, des ongles, des tissus conjonctifs et des articulations. Il s'agit d'un produit de qualit\u00e9, bon march\u00e9, au go\u00fbt de fraise, qui convient \u00e0 une utilisation quotidienne.<\/p>\n<p>Le collag\u00e8ne 100 % pur \u00e0 l'ar\u00f4me de fraise contient de la biotine, du zinc, de la vitamine E et de la vitamine C. La biotine est extr\u00eamement importante pour le m\u00e9tabolisme des glucides, des prot\u00e9ines et des graisses. La biotine contribue au maintien d'un m\u00e9tabolisme \u00e9nerg\u00e9tique normal, \u00e0 l'activit\u00e9 du syst\u00e8me nerveux, \u00e0 la fonction psychologique et \u00e0 l'\u00e9tat de la peau. Le zinc est essentiel \u00e0 la production de prot\u00e9ines, importantes pour le d\u00e9veloppement et le fonctionnement des cellules immunitaires. Le zinc, comme les vitamines E et C, contribue au maintien d'un syst\u00e8me immunitaire fort.<\/p>","protected":false},"excerpt":{"rendered":"<p>Le collag\u00e8ne est une prot\u00e9ine naturelle du corps humain qui soutient la structure de la peau, des os et des muscles, mais au cours du processus de vieillissement, la capacit\u00e9 de l'organisme \u00e0 synth\u00e9tiser le collag\u00e8ne diminue.<\/p>","protected":false},"featured_media":1615,"template":"","meta":[],"product_brand":[],"product_cat":[27,25],"product_tag":[43],"giftcard-category":[],"class_list":{"0":"post-1614","1":"product","2":"type-product","3":"status-publish","4":"has-post-thumbnail","6":"product_cat-sets","7":"product_cat-special-offers","8":"product_tag-l-carnitine-or-collagen-gift","10":"first","11":"instock","12":"sale","13":"taxable","14":"shipping-taxable","15":"purchasable","16":"product-type-simple"},"aioseo_notices":[],"_links":{"self":[{"href":"https:\/\/healthy-choice.co.uk\/fr\/wp-json\/wp\/v2\/product\/1614","targetHints":{"allow":["GET"]}}],"collection":[{"href":"https:\/\/healthy-choice.co.uk\/fr\/wp-json\/wp\/v2\/product"}],"about":[{"href":"https:\/\/healthy-choice.co.uk\/fr\/wp-json\/wp\/v2\/types\/product"}],"wp:featuredmedia":[{"embeddable":true,"href":"https:\/\/healthy-choice.co.uk\/fr\/wp-json\/wp\/v2\/media\/1615"}],"wp:attachment":[{"href":"https:\/\/healthy-choice.co.uk\/fr\/wp-json\/wp\/v2\/media?parent=1614"}],"wp:term":[{"taxonomy":"product_brand","embeddable":true,"href":"https:\/\/healthy-choice.co.uk\/fr\/wp-json\/wp\/v2\/product_brand?post=1614"},{"taxonomy":"product_cat","embeddable":true,"href":"https:\/\/healthy-choice.co.uk\/fr\/wp-json\/wp\/v2\/product_cat?post=1614"},{"taxonomy":"product_tag","embeddable":true,"href":"https:\/\/healthy-choice.co.uk\/fr\/wp-json\/wp\/v2\/product_tag?post=1614"},{"taxonomy":"giftcard-category","embeddable":true,"href":"https:\/\/healthy-choice.co.uk\/fr\/wp-json\/wp\/v2\/giftcard-category?post=1614"}],"curies":[{"name":"wp","href":"https:\/\/api.w.org\/{rel}","templated":true}]}}