{"id":1608,"date":"2023-07-07T05:51:14","date_gmt":"2023-07-07T02:51:14","guid":{"rendered":"https:\/\/healthy-choice.co.uk\/?post_type=product&#038;p=1608"},"modified":"2025-12-28T14:28:37","modified_gmt":"2025-12-28T12:28:37","slug":"almond-spread-chunky-250gr","status":"publish","type":"product","link":"https:\/\/healthy-choice.co.uk\/fr\/produit\/almond-spread-chunky-250gr\/","title":{"rendered":"Almond spread CHUNKY 250 gr"},"content":{"rendered":"<p><strong>HEALTHY CHOICE Tartinade de noix et d'amandes<\/strong> est la prot\u00e9ine v\u00e9g\u00e9tale de la meilleure qualit\u00e9. Il s'agit d'un produit de haute qualit\u00e9 au go\u00fbt agr\u00e9able, fabriqu\u00e9 \u00e0 partir de mati\u00e8res premi\u00e8res naturelles sans utiliser d'ar\u00f4mes artificiels, d'exhausteurs de go\u00fbt, de graisses, d'additifs synth\u00e9tiques et de colorants.<\/p>\n<p>Il est fabriqu\u00e9 \u00e0 partir des meilleures noix d'amande, qui sont riches en VITAMINES et en MIN\u00c9RAUX tels que le sodium, le calcium, le magn\u00e9sium et le potassium. Elle est extraite en torr\u00e9fiant les amandes, puis en les broyant pour obtenir une merveilleuse saveur croquante, tout en pr\u00e9servant la structure inchang\u00e9e des prot\u00e9ines et des graisses.<\/p>\n<p>Les fibres assurent un bon fonctionnement des intestins et procurent une sensation de sati\u00e9t\u00e9 qui r\u00e9duit les envies de grignotages inutiles et de sucreries.<\/p>","protected":false},"excerpt":{"rendered":"<p>100 % go\u00fbt pur et naturel Le beurre d'amande \"Healthy Choice\" se compose de prot\u00e9ines v\u00e9g\u00e9tales de la meilleure qualit\u00e9, de graisses insatur\u00e9es, de fibres et d'hydrates de carbone. Il est cr\u00e9\u00e9 en conservant une valeur biologique (VB) \u00e9lev\u00e9e.<\/p>","protected":false},"featured_media":2387,"template":"","meta":[],"product_brand":[],"product_cat":[40,25,28],"product_tag":[46],"giftcard-category":[],"class_list":{"0":"post-1608","1":"product","2":"type-product","3":"status-publish","4":"has-post-thumbnail","6":"product_cat-nut-products","7":"product_cat-special-offers","8":"product_cat-top","9":"product_tag-specia","11":"first","12":"instock","13":"taxable","14":"shipping-taxable","15":"purchasable","16":"product-type-simple"},"aioseo_notices":[],"_links":{"self":[{"href":"https:\/\/healthy-choice.co.uk\/fr\/wp-json\/wp\/v2\/product\/1608","targetHints":{"allow":["GET"]}}],"collection":[{"href":"https:\/\/healthy-choice.co.uk\/fr\/wp-json\/wp\/v2\/product"}],"about":[{"href":"https:\/\/healthy-choice.co.uk\/fr\/wp-json\/wp\/v2\/types\/product"}],"wp:featuredmedia":[{"embeddable":true,"href":"https:\/\/healthy-choice.co.uk\/fr\/wp-json\/wp\/v2\/media\/2387"}],"wp:attachment":[{"href":"https:\/\/healthy-choice.co.uk\/fr\/wp-json\/wp\/v2\/media?parent=1608"}],"wp:term":[{"taxonomy":"product_brand","embeddable":true,"href":"https:\/\/healthy-choice.co.uk\/fr\/wp-json\/wp\/v2\/product_brand?post=1608"},{"taxonomy":"product_cat","embeddable":true,"href":"https:\/\/healthy-choice.co.uk\/fr\/wp-json\/wp\/v2\/product_cat?post=1608"},{"taxonomy":"product_tag","embeddable":true,"href":"https:\/\/healthy-choice.co.uk\/fr\/wp-json\/wp\/v2\/product_tag?post=1608"},{"taxonomy":"giftcard-category","embeddable":true,"href":"https:\/\/healthy-choice.co.uk\/fr\/wp-json\/wp\/v2\/giftcard-category?post=1608"}],"curies":[{"name":"wp","href":"https:\/\/api.w.org\/{rel}","templated":true}]}}