{"id":1587,"date":"2023-07-07T05:57:19","date_gmt":"2023-07-07T02:57:19","guid":{"rendered":"https:\/\/healthy-choice.co.uk\/?post_type=product&#038;p=1587"},"modified":"2025-12-28T14:25:40","modified_gmt":"2025-12-28T12:25:40","slug":"peanut-spread-chunky-1kg","status":"publish","type":"product","link":"https:\/\/healthy-choice.co.uk\/fr\/produit\/peanut-spread-chunky-1kg\/","title":{"rendered":"Peanut spread CHUNKY 1 kg"},"content":{"rendered":"<p><strong>100 % pur, go\u00fbt naturel BEURRE D'ARACHIDES<\/strong>\u00a0<strong>\"UN CHOIX SAIN\"<\/strong>\u00a0se compose de prot\u00e9ines v\u00e9g\u00e9tales de la meilleure qualit\u00e9, de graisses insatur\u00e9es, de fibres et d'hydrates de carbone. Il est cr\u00e9\u00e9 en conservant une valeur biologique (VB) \u00e9lev\u00e9e. Il s'agit d'un produit savoureux, bon march\u00e9 et de haute qualit\u00e9, qui peut \u00eatre consomm\u00e9 plusieurs fois par jour.<\/p>\n<p>100 % beurre de cacahu\u00e8te pur, au go\u00fbt naturel\u00a0<strong>\"UN CHOIX SAIN\"<\/strong>\u00a0est de la plus haute qualit\u00e9 et d'une excellente consistance. Il est produit \u00e0 partir d'arachides de la plus haute qualit\u00e9, riches en vitamines et en min\u00e9raux, tels que le sodium, le calcium, le magn\u00e9sium et le potassium. Ce produit de haute qualit\u00e9 au go\u00fbt d\u00e9licieux est fabriqu\u00e9 \u00e0 partir d'ingr\u00e9dients naturels, sans \u00e9pices artificielles, exhausteurs de go\u00fbt, mati\u00e8res grasses, additifs synth\u00e9tiques et colorants.<\/p>\n<p><strong>\"UN CHOIX SAIN\"<\/strong>\u00a0Le beurre de cacahu\u00e8te est extrait de la cuisson des cacahu\u00e8tes avec leur enveloppe. Les noix sont ensuite r\u00e9duites en pur\u00e9e, afin d'en extraire un go\u00fbt merveilleux et croustillant. La structure intacte des prot\u00e9ines et des graisses est ainsi pr\u00e9serv\u00e9e. (100 g), le produit contient jusqu'\u00e0 30 grammes de prot\u00e9ines qui jouent un r\u00f4le dans le d\u00e9veloppement musculaire, 19 g de glucides et m\u00eame jusqu'\u00e0 50 grammes de bonnes graisses (plus pr\u00e9cieuses que les graisses animales car constitu\u00e9es principalement d'acides gras insatur\u00e9s).<\/p>\n<p>Ce produit est l'une des meilleures sources d'acides gras essentiels (AGE) \u00e0 cha\u00eene ramifi\u00e9e, reconnus depuis longtemps comme l'une des sources de graisses et de prot\u00e9ines les plus saines.<\/p>\n<p>Les cacahu\u00e8tes sont riches en vitamines B (B1, B2, B6), qu'il est n\u00e9cessaire d'obtenir en permanence par l'alimentation car l'organisme ne l'\u00e9conomise pas, ainsi qu'en iode, phosphore, fer, magn\u00e9sium, calcium, potassium, sodium.<\/p>","protected":false},"excerpt":{"rendered":"<p>La p\u00e2te \u00e0 tartiner aux cacahu\u00e8tes Healthy Choice se d\u00e9cline en deux saveurs, cr\u00e8me et morceaux, et contient des prot\u00e9ines v\u00e9g\u00e9tales de haute qualit\u00e9, des graisses insatur\u00e9es, des fibres et des hydrates de carbone. Formul\u00e9e pour maintenir une valeur biologique (VB) \u00e9lev\u00e9e.<\/p>\n<p>Il s'agit d'un produit de qualit\u00e9 qui peut \u00eatre utilis\u00e9 plusieurs fois par jour.<\/p>","protected":false},"featured_media":2384,"template":"","meta":[],"product_brand":[],"product_cat":[40],"product_tag":[],"giftcard-category":[],"class_list":{"0":"post-1587","1":"product","2":"type-product","3":"status-publish","4":"has-post-thumbnail","6":"product_cat-nut-products","8":"first","9":"instock","10":"taxable","11":"shipping-taxable","12":"purchasable","13":"product-type-simple"},"aioseo_notices":[],"_links":{"self":[{"href":"https:\/\/healthy-choice.co.uk\/fr\/wp-json\/wp\/v2\/product\/1587","targetHints":{"allow":["GET"]}}],"collection":[{"href":"https:\/\/healthy-choice.co.uk\/fr\/wp-json\/wp\/v2\/product"}],"about":[{"href":"https:\/\/healthy-choice.co.uk\/fr\/wp-json\/wp\/v2\/types\/product"}],"wp:featuredmedia":[{"embeddable":true,"href":"https:\/\/healthy-choice.co.uk\/fr\/wp-json\/wp\/v2\/media\/2384"}],"wp:attachment":[{"href":"https:\/\/healthy-choice.co.uk\/fr\/wp-json\/wp\/v2\/media?parent=1587"}],"wp:term":[{"taxonomy":"product_brand","embeddable":true,"href":"https:\/\/healthy-choice.co.uk\/fr\/wp-json\/wp\/v2\/product_brand?post=1587"},{"taxonomy":"product_cat","embeddable":true,"href":"https:\/\/healthy-choice.co.uk\/fr\/wp-json\/wp\/v2\/product_cat?post=1587"},{"taxonomy":"product_tag","embeddable":true,"href":"https:\/\/healthy-choice.co.uk\/fr\/wp-json\/wp\/v2\/product_tag?post=1587"},{"taxonomy":"giftcard-category","embeddable":true,"href":"https:\/\/healthy-choice.co.uk\/fr\/wp-json\/wp\/v2\/giftcard-category?post=1587"}],"curies":[{"name":"wp","href":"https:\/\/api.w.org\/{rel}","templated":true}]}}