{"id":1581,"date":"2025-04-21T09:35:32","date_gmt":"2025-04-21T06:35:32","guid":{"rendered":"https:\/\/healthy-choice.co.uk\/?post_type=product&#038;p=1581"},"modified":"2025-12-28T14:24:15","modified_gmt":"2025-12-28T12:24:15","slug":"bcaa-blackcurrant-flavor-400g","status":"publish","type":"product","link":"https:\/\/healthy-choice.co.uk\/fr\/produit\/bcaa-blackcurrant-flavor-400g\/","title":{"rendered":"BCAA Blackcurrant flavor, 400 g"},"content":{"rendered":"<p><strong>Healthy Choice BCAA 2:1:1<\/strong>\u00a0- Acide amin\u00e9 \u00e0 cha\u00eene ramifi\u00e9e (BCAA) pour une r\u00e9cup\u00e9ration musculaire plus rapide !<\/p>\n<p>Les acides amin\u00e9s \u00e0 cha\u00eene ramifi\u00e9e (BCAA) constituent un groupe important d'acides amin\u00e9s essentiels compos\u00e9s de leucine, d'isoleucine et de valine. Les BCAA font partie des neuf acides amin\u00e9s essentiels que notre corps ne peut pas produire. La seule source de BCAA est notre alimentation quotidienne ou les compl\u00e9ments alimentaires. D'autre part, ils constituent 35% des acides amin\u00e9s dans les prot\u00e9ines musculaires. La leucine, l'isoleucine et la valine sont des acides amin\u00e9s essentiels d\u00e9riv\u00e9s de diff\u00e9rentes sources de prot\u00e9ines. Ils peuvent \u00e9galement \u00eatre utilis\u00e9s comme compl\u00e9ments alimentaires, notamment lors d'entra\u00eenements intensifs ou physiques. Dans notre formule BCAA, le rapport entre la Leucine, l'Isoleucine et la Valine est de 2:1:1, car c'est le rapport le plus efficace pour les produits \u00e0 base d'acides amin\u00e9s ramifi\u00e9s.<\/p>","protected":false},"excerpt":{"rendered":"<div class=\"product-short-description\">\n<p>Healthy Choice BCAA 2:1:1 - Acide amin\u00e9 \u00e0 cha\u00eene ramifi\u00e9e (BCAA) pour une r\u00e9cup\u00e9ration musculaire plus rapide !<\/p>\n<\/div>\n<form class=\"cart\" action=\"https:\/\/www.healthychoice.world\/products\/bcaa-blackcurrant-flavor-400g\/?v=c562607189d7\" enctype=\"multipart\/form-data\" method=\"post\">\n<div class=\"sticky-add-to-cart-wrapper\">\n<div class=\"sticky-add-to-cart\">\n<div class=\"quantity buttons_added\"><\/div>\n<\/div>\n<\/div>\n<\/form>","protected":false},"featured_media":2390,"template":"","meta":[],"product_brand":[],"product_cat":[38],"product_tag":[],"giftcard-category":[],"class_list":{"0":"post-1581","1":"product","2":"type-product","3":"status-publish","4":"has-post-thumbnail","6":"product_cat-bcaa","8":"first","9":"instock","10":"sale","11":"taxable","12":"shipping-taxable","13":"purchasable","14":"product-type-simple"},"aioseo_notices":[],"_links":{"self":[{"href":"https:\/\/healthy-choice.co.uk\/fr\/wp-json\/wp\/v2\/product\/1581","targetHints":{"allow":["GET"]}}],"collection":[{"href":"https:\/\/healthy-choice.co.uk\/fr\/wp-json\/wp\/v2\/product"}],"about":[{"href":"https:\/\/healthy-choice.co.uk\/fr\/wp-json\/wp\/v2\/types\/product"}],"wp:featuredmedia":[{"embeddable":true,"href":"https:\/\/healthy-choice.co.uk\/fr\/wp-json\/wp\/v2\/media\/2390"}],"wp:attachment":[{"href":"https:\/\/healthy-choice.co.uk\/fr\/wp-json\/wp\/v2\/media?parent=1581"}],"wp:term":[{"taxonomy":"product_brand","embeddable":true,"href":"https:\/\/healthy-choice.co.uk\/fr\/wp-json\/wp\/v2\/product_brand?post=1581"},{"taxonomy":"product_cat","embeddable":true,"href":"https:\/\/healthy-choice.co.uk\/fr\/wp-json\/wp\/v2\/product_cat?post=1581"},{"taxonomy":"product_tag","embeddable":true,"href":"https:\/\/healthy-choice.co.uk\/fr\/wp-json\/wp\/v2\/product_tag?post=1581"},{"taxonomy":"giftcard-category","embeddable":true,"href":"https:\/\/healthy-choice.co.uk\/fr\/wp-json\/wp\/v2\/giftcard-category?post=1581"}],"curies":[{"name":"wp","href":"https:\/\/api.w.org\/{rel}","templated":true}]}}