{"id":1573,"date":"2025-04-21T09:19:19","date_gmt":"2025-04-21T06:19:19","guid":{"rendered":"https:\/\/healthy-choice.co.uk\/?post_type=product&#038;p=1573"},"modified":"2025-12-28T14:24:50","modified_gmt":"2025-12-28T12:24:50","slug":"100-whey-protein-strawberry-flavor-1kg","status":"publish","type":"product","link":"https:\/\/healthy-choice.co.uk\/fr\/produit\/100-whey-protein-strawberry-flavor-1kg\/","title":{"rendered":"100% Whey Protein Strawberry flavor 1 kg"},"content":{"rendered":"<h2 class=\"text-white\">Prot\u00e9ine de lactos\u00e9rum au go\u00fbt de fraise<\/h2>\n<div id=\"row-1299716147\" class=\"row\">\n<div class=\"col medium-6 small-12 large-6\">\n<div class=\"col-inner\">\n<p>100% Prot\u00e9ine de lactos\u00e9rum\u00a0<strong>\"UN CHOIX SAIN\"<\/strong>\u00a0est une prot\u00e9ine de haute qualit\u00e9, fabriqu\u00e9e \u00e0 basse temp\u00e9rature par un proc\u00e9d\u00e9 d'ultrafiltration qui pr\u00e9serve la structure inchang\u00e9e de la prot\u00e9ine et sa haute valeur biologique (BV).<\/p>\n<p><strong>\"UN CHOIX SAIN\"<\/strong>\u00a0est fabriqu\u00e9 \u00e0 partir d'un concentr\u00e9 de prot\u00e9ines de lactos\u00e9rum de la plus haute qualit\u00e9. Une portion (30 g) du produit contient 23 g de prot\u00e9ines qui pr\u00e9servent votre masse musculaire et favorisent la croissance musculaire.<\/p>\n<p>Ce produit est l'une des meilleures sources d'acides amin\u00e9s ramifi\u00e9s (BCAA).<\/p>\n<\/div>\n<\/div>\n<div class=\"col medium-6 small-12 large-6\">\n<div class=\"col-inner\">\n<p><strong>Principaux avantages de cette prot\u00e9ine<\/strong><\/p>\n<ul>\n<li>24 g de prot\u00e9ines par portion<\/li>\n<li>4,2 g de BCAA par portion<\/li>\n<li>Absorption rapide<\/li>\n<li>Instantan\u00e9<\/li>\n<li>Haut BV<\/li>\n<li>Faible teneur en lactose<\/li>\n<li>Aide \u00e0 pr\u00e9server et \u00e0 maintenir la croissance de la masse musculaire<\/li>\n<li>Contribue au maintien d'une ossature normale<\/li>\n<li>Convient aux athl\u00e8tes<\/li>\n<li>Convient aux v\u00e9g\u00e9tariens<\/li>\n<li>Convient \u00e0 tous les \u00e2ges<\/li>\n<\/ul>\n<\/div>\n<\/div>\n<\/div>","protected":false},"excerpt":{"rendered":"<p><strong>\"UN CHOIX SAIN\"<\/strong>\u00a0est fabriqu\u00e9 \u00e0 partir d'un concentr\u00e9 de prot\u00e9ines de lactos\u00e9rum de la plus haute qualit\u00e9. Une portion (30 g) du produit contient 23 g de prot\u00e9ines qui pr\u00e9servent votre masse musculaire et favorisent la croissance musculaire.<\/p>","protected":false},"featured_media":2032,"template":"","meta":[],"product_brand":[],"product_cat":[29],"product_tag":[43,44],"giftcard-category":[],"class_list":{"0":"post-1573","1":"product","2":"type-product","3":"status-publish","4":"has-post-thumbnail","6":"product_cat-whey-proteins","7":"product_tag-l-carnitine-or-collagen-gift","8":"product_tag-baltymai","10":"first","11":"instock","12":"taxable","13":"shipping-taxable","14":"purchasable","15":"product-type-simple"},"aioseo_notices":[],"_links":{"self":[{"href":"https:\/\/healthy-choice.co.uk\/fr\/wp-json\/wp\/v2\/product\/1573","targetHints":{"allow":["GET"]}}],"collection":[{"href":"https:\/\/healthy-choice.co.uk\/fr\/wp-json\/wp\/v2\/product"}],"about":[{"href":"https:\/\/healthy-choice.co.uk\/fr\/wp-json\/wp\/v2\/types\/product"}],"wp:featuredmedia":[{"embeddable":true,"href":"https:\/\/healthy-choice.co.uk\/fr\/wp-json\/wp\/v2\/media\/2032"}],"wp:attachment":[{"href":"https:\/\/healthy-choice.co.uk\/fr\/wp-json\/wp\/v2\/media?parent=1573"}],"wp:term":[{"taxonomy":"product_brand","embeddable":true,"href":"https:\/\/healthy-choice.co.uk\/fr\/wp-json\/wp\/v2\/product_brand?post=1573"},{"taxonomy":"product_cat","embeddable":true,"href":"https:\/\/healthy-choice.co.uk\/fr\/wp-json\/wp\/v2\/product_cat?post=1573"},{"taxonomy":"product_tag","embeddable":true,"href":"https:\/\/healthy-choice.co.uk\/fr\/wp-json\/wp\/v2\/product_tag?post=1573"},{"taxonomy":"giftcard-category","embeddable":true,"href":"https:\/\/healthy-choice.co.uk\/fr\/wp-json\/wp\/v2\/giftcard-category?post=1573"}],"curies":[{"name":"wp","href":"https:\/\/api.w.org\/{rel}","templated":true}]}}