{"id":1567,"date":"2025-04-21T09:18:52","date_gmt":"2025-04-21T06:18:52","guid":{"rendered":"https:\/\/healthy-choice.co.uk\/?post_type=product&#038;p=1567"},"modified":"2025-12-28T14:25:06","modified_gmt":"2025-12-28T12:25:06","slug":"100-whey-protein-concentrate-1kg","status":"publish","type":"product","link":"https:\/\/healthy-choice.co.uk\/fr\/produit\/100-whey-protein-concentrate-1kg\/","title":{"rendered":"100% Whey Protein Concentrate 1 kg"},"content":{"rendered":"<h2 class=\"text-white\">\"Prot\u00e9ine de lactos\u00e9rum \"HEALTHY CHOICE<\/h2>\n<p>Nous sommes fiers de pr\u00e9senter notre\u00a0<strong>\"UN CHOIX SAIN\"<\/strong>\u00a0100% PURE and WATER-SOLUBLE WHEY PROTEIN, la toute premi\u00e8re gamme de produits prot\u00e9in\u00e9s fabriqu\u00e9s en Lituanie. Lanc\u00e9e en production continue pour la premi\u00e8re fois en Lituanie, la qualit\u00e9 des prot\u00e9ines de la gamme 1001TP3 PURE et WATER-SOLUBLE WHEY PROTEIN est exceptionnelle.\u00a0<strong>\"UN CHOIX SAIN\"<\/strong>\u00a0100% PURE and WATER-SOLUBLE WHEY PROTEIN n'a rien \u00e0 envier aux produits \u00e9quivalents des fabricants \u00e9trangers.<\/p>\n<p>La Lituanie a toujours \u00e9t\u00e9 connue pour sa production de produits laitiers de haute qualit\u00e9 et tr\u00e8s appr\u00e9ci\u00e9s sur de grands march\u00e9s tels que l'Allemagne, l'Italie, la France, la Suisse et la Nouvelle-Z\u00e9lande.\u00a0<u>L'\u00e9mergence de ce produit lituanien n'est pas seulement le r\u00e9sultat du potentiel inexploit\u00e9 de nos industries nationales, mais aussi du fait qu'aucun produit analogue n'avait \u00e9t\u00e9 d\u00e9velopp\u00e9 sur le march\u00e9 britannique ou sur d'autres march\u00e9s europ\u00e9ens<\/u>. D'autre part, un examen plus approfondi de la composition des produits propos\u00e9s par les fabricants \u00e9trangers et une recherche scientifique approfondie ont r\u00e9v\u00e9l\u00e9 que la plupart des produits prot\u00e9iques propos\u00e9s aujourd'hui ne sont pas enti\u00e8rement naturels et contiennent divers ar\u00f4mes artificiels, \u00e9dulcorants, colorants et autres additifs.<\/p>\n<p>Avant le processus de production, d'approvisionnement et de distribution des\u00a0<strong>\"UN CHOIX SAIN\"<\/strong>\u00a0100% PURE and WATER-SOLUBLE WHEY PROTEIN a \u00e9t\u00e9 mis en route, nous avons pris une demi-ann\u00e9e pour effectuer une analyse approfondie de la composition, du conditionnement et de la demande du march\u00e9 pour ce produit.\u00a0<u>Les \u00e9chantillons de produits de\u00a0<strong>\"UN CHOIX SAIN\"<\/strong>\u00a0a \u00e9t\u00e9 test\u00e9 par les athl\u00e8tes et les di\u00e9t\u00e9ticiens les plus connus qui ont rapidement reconnu les avantages des prot\u00e9ines naturelles.<\/u>. Nous consultons constamment des athl\u00e8tes professionnels, des entra\u00eeneurs, des di\u00e9t\u00e9ticiens et des m\u00e9decins au sujet des propri\u00e9t\u00e9s les plus b\u00e9n\u00e9fiques de la\u00a0<strong>\"UN CHOIX SAIN\"<\/strong>\u00a0prot\u00e9ines.<\/p>\n<p><strong>\"UN CHOIX SAIN\"<\/strong>\u00a0doivent \u00eatre consomm\u00e9s r\u00e9guli\u00e8rement et en quantit\u00e9s appropri\u00e9es.\u00a0<strong>\"UN CHOIX SAIN\"<\/strong>\u00a0fournit aux cellules les prot\u00e9ines dont elles ont besoin, ce qui r\u00e9duit la n\u00e9cessit\u00e9 de consommer des aliments non essentiels et permet de perdre du poids.<\/p>\n<p>Les cellules enrichies en prot\u00e9ines suppriment la sensation de faim. Fabrication lituanienne\u00a0<strong>\"UN CHOIX SAIN\"<\/strong>\u00a0100% PURE and WATER-SOLUBLE WHEY PROTEIN est \u00e9galement un choix particuli\u00e8rement populaire parmi ceux qui souhaitent maintenir un mode de vie sain.<\/p>\n<p><strong>\"UN CHOIX SAIN\"<\/strong>\u00a0100% PURE and WATER-SOLUBLE WHEY PROTEIN est une prot\u00e9ine de lactos\u00e9rum de premi\u00e8re qualit\u00e9 qui poss\u00e8de une valeur biologique (BV) \u00e9lev\u00e9e. Ce produit savoureux, soluble dans l'eau, sans colorant, sans \u00e9dulcorant, bon march\u00e9 et de haute qualit\u00e9, peut \u00eatre consomm\u00e9 plusieurs fois par jour.\u00a0<strong>\"UN CHOIX SAIN\"<\/strong>\u00a0100% PURE and WATER-SOLUBLE WHEY PROTEIN est un concentr\u00e9 de prot\u00e9ines de lactos\u00e9rum de premi\u00e8re qualit\u00e9 avec une teneur en prot\u00e9ines de plus de 80%.<\/p>\n<p><strong>\"UN CHOIX SAIN\"<\/strong>\u00a0est produite par ultrafiltration \u00e0 basse temp\u00e9rature, ce qui permet de pr\u00e9server sa structure d'origine. Une portion (30 g) du produit contient tr\u00e8s peu de lactose et 24 g de prot\u00e9ines de construction musculaire. Ce produit est l'une des meilleures sources d'acides amin\u00e9s \u00e0 cha\u00eene ramifi\u00e9e (BCAA).<\/p>","protected":false},"excerpt":{"rendered":"<p><strong>\"UN CHOIX SAIN\"<\/strong>\u00a0100% PURE and WATER-SOLUBLE WHEY PROTEIN est une prot\u00e9ine de lactos\u00e9rum de premi\u00e8re qualit\u00e9 qui poss\u00e8de une valeur biologique (BV) \u00e9lev\u00e9e. Ce produit savoureux, soluble dans l'eau, sans colorant, sans \u00e9dulcorant, bon march\u00e9 et de haute qualit\u00e9, peut \u00eatre consomm\u00e9 plusieurs fois par jour.<\/p>","protected":false},"featured_media":2037,"template":"","meta":[],"product_brand":[],"product_cat":[29],"product_tag":[43,44],"giftcard-category":[],"class_list":{"0":"post-1567","1":"product","2":"type-product","3":"status-publish","4":"has-post-thumbnail","6":"product_cat-whey-proteins","7":"product_tag-l-carnitine-or-collagen-gift","8":"product_tag-baltymai","10":"first","11":"instock","12":"taxable","13":"shipping-taxable","14":"purchasable","15":"product-type-simple"},"aioseo_notices":[],"_links":{"self":[{"href":"https:\/\/healthy-choice.co.uk\/fr\/wp-json\/wp\/v2\/product\/1567","targetHints":{"allow":["GET"]}}],"collection":[{"href":"https:\/\/healthy-choice.co.uk\/fr\/wp-json\/wp\/v2\/product"}],"about":[{"href":"https:\/\/healthy-choice.co.uk\/fr\/wp-json\/wp\/v2\/types\/product"}],"wp:featuredmedia":[{"embeddable":true,"href":"https:\/\/healthy-choice.co.uk\/fr\/wp-json\/wp\/v2\/media\/2037"}],"wp:attachment":[{"href":"https:\/\/healthy-choice.co.uk\/fr\/wp-json\/wp\/v2\/media?parent=1567"}],"wp:term":[{"taxonomy":"product_brand","embeddable":true,"href":"https:\/\/healthy-choice.co.uk\/fr\/wp-json\/wp\/v2\/product_brand?post=1567"},{"taxonomy":"product_cat","embeddable":true,"href":"https:\/\/healthy-choice.co.uk\/fr\/wp-json\/wp\/v2\/product_cat?post=1567"},{"taxonomy":"product_tag","embeddable":true,"href":"https:\/\/healthy-choice.co.uk\/fr\/wp-json\/wp\/v2\/product_tag?post=1567"},{"taxonomy":"giftcard-category","embeddable":true,"href":"https:\/\/healthy-choice.co.uk\/fr\/wp-json\/wp\/v2\/giftcard-category?post=1567"}],"curies":[{"name":"wp","href":"https:\/\/api.w.org\/{rel}","templated":true}]}}