{"id":1552,"date":"2015-07-06T07:36:44","date_gmt":"2015-07-06T04:36:44","guid":{"rendered":"https:\/\/healthy-choice.co.uk\/?post_type=product&#038;p=1552"},"modified":"2025-02-03T10:38:37","modified_gmt":"2025-02-03T08:38:37","slug":"elektroninis-dovanu-kuponas","status":"publish","type":"product","link":"https:\/\/healthy-choice.co.uk\/fr\/produit\/elektroninis-dovanu-kuponas\/","title":{"rendered":"Carte cadeau \u00e9lectronique"},"content":{"rendered":"","protected":false},"excerpt":{"rendered":"<p>Vous ne savez pas quoi offrir \u00e0 un \u00eatre cher ? Offrez un bon cadeau \u00e9lectronique Healthy Choice. Apr\u00e8s tout, la sant\u00e9 est ce que nous avons de plus pr\u00e9cieux, et notre objectif est que vous et vos proches trouviez ce qui vous manque et rayonniez de force, de beaut\u00e9 et, bien s\u00fbr, de sant\u00e9 !<\/p>","protected":false},"featured_media":1231,"template":"","meta":[],"product_brand":[],"product_cat":[26],"product_tag":[],"giftcard-category":[],"class_list":{"0":"post-1552","1":"product","2":"type-product","3":"status-publish","4":"has-post-thumbnail","6":"product_cat-gift-vouchers","8":"first","9":"instock","10":"virtual","11":"taxable","12":"purchasable","13":"product-type-gift-card"},"aioseo_notices":[],"_links":{"self":[{"href":"https:\/\/healthy-choice.co.uk\/fr\/wp-json\/wp\/v2\/product\/1552","targetHints":{"allow":["GET"]}}],"collection":[{"href":"https:\/\/healthy-choice.co.uk\/fr\/wp-json\/wp\/v2\/product"}],"about":[{"href":"https:\/\/healthy-choice.co.uk\/fr\/wp-json\/wp\/v2\/types\/product"}],"wp:featuredmedia":[{"embeddable":true,"href":"https:\/\/healthy-choice.co.uk\/fr\/wp-json\/wp\/v2\/media\/1231"}],"wp:attachment":[{"href":"https:\/\/healthy-choice.co.uk\/fr\/wp-json\/wp\/v2\/media?parent=1552"}],"wp:term":[{"taxonomy":"product_brand","embeddable":true,"href":"https:\/\/healthy-choice.co.uk\/fr\/wp-json\/wp\/v2\/product_brand?post=1552"},{"taxonomy":"product_cat","embeddable":true,"href":"https:\/\/healthy-choice.co.uk\/fr\/wp-json\/wp\/v2\/product_cat?post=1552"},{"taxonomy":"product_tag","embeddable":true,"href":"https:\/\/healthy-choice.co.uk\/fr\/wp-json\/wp\/v2\/product_tag?post=1552"},{"taxonomy":"giftcard-category","embeddable":true,"href":"https:\/\/healthy-choice.co.uk\/fr\/wp-json\/wp\/v2\/giftcard-category?post=1552"}],"curies":[{"name":"wp","href":"https:\/\/api.w.org\/{rel}","templated":true}]}}