{"id":491,"date":"2022-06-29T17:50:34","date_gmt":"2022-06-29T17:50:34","guid":{"rendered":"https:\/\/demo.creativethemes.com\/elementor\/floreo\/?page_id=491"},"modified":"2024-04-09T13:31:15","modified_gmt":"2024-04-09T10:31:15","slug":"payment-shipping","status":"publish","type":"page","link":"https:\/\/healthy-choice.co.uk\/fr\/payment-shipping\/","title":{"rendered":"Paiement et exp\u00e9dition"},"content":{"rendered":"<div data-elementor-type=\"wp-page\" data-elementor-id=\"491\" class=\"elementor elementor-491\">\n\t\t\t\t\t\t<section class=\"elementor-section elementor-top-section elementor-element elementor-element-5989b116 ct-section-stretched elementor-section-boxed elementor-section-height-default elementor-section-height-default\" data-id=\"5989b116\" data-element_type=\"section\" data-e-type=\"section\" data-settings=\"{&quot;background_background&quot;:&quot;classic&quot;}\">\n\t\t\t\t\t\t<div class=\"elementor-container elementor-column-gap-default\">\n\t\t\t\t\t<div class=\"elementor-column elementor-col-100 elementor-top-column elementor-element elementor-element-49861077\" data-id=\"49861077\" data-element_type=\"column\" data-e-type=\"column\">\n\t\t\t<div class=\"elementor-widget-wrap elementor-element-populated\">\n\t\t\t\t\t\t<div class=\"elementor-element elementor-element-76f0ed4 elementor-widget elementor-widget-heading\" data-id=\"76f0ed4\" data-element_type=\"widget\" data-e-type=\"widget\" data-widget_type=\"heading.default\">\n\t\t\t\t<div class=\"elementor-widget-container\">\n\t\t\t\t\t<h2 class=\"elementor-heading-title elementor-size-default\">Paiement<\/h2>\t\t\t\t<\/div>\n\t\t\t\t<\/div>\n\t\t\t\t<div class=\"elementor-element elementor-element-9e70a73 elementor-widget elementor-widget-text-editor\" data-id=\"9e70a73\" data-element_type=\"widget\" data-e-type=\"widget\" data-widget_type=\"text-editor.default\">\n\t\t\t\t<div class=\"elementor-widget-container\">\n\t\t\t\t\t\t\t\t\t<p><strong>1. Vous pouvez payer en utilisant l'E-banking (Paysera)<\/strong><\/p><p>Paysera est un syst\u00e8me de paiement \u00e9lectronique qui combine diff\u00e9rentes m\u00e9thodes de paiement : via le syst\u00e8me Paysera, la banque \u00e9lectronique ou les cartes de paiement. Paysera propose un compte multidevise gratuit, dont l'ouverture et le rechargement ne prennent que quelques minutes. Les paiements en ligne sont \u00e9galement rapides et s\u00e9curis\u00e9s et l'acheteur se voit rembourser une partie de la somme d\u00e9pens\u00e9e. Paysera donne \u00e9galement acc\u00e8s \u00e0 un portefeuille mobile pratique qui facilite encore davantage les paiements en ligne et dans les lieux physiques. Payez avec Paysera - c'est rapide, moderne et utile. Pour chaque paiement, l'acheteur reverse sur le compte Paysera jusqu'\u00e0 1% du montant pay\u00e9 pour les biens ou les services.<\/p><p>\"Danske Bank A\/S\" Lietuvos filialas, AS Luminor (\"DNB\") bankas, AS Citadele bankas, AS Luminor (\"Nordea\") bankas, AB SEB bankas, AB bankas \"Swedbank\", AB \u0160iauli\u0173 bankas, UAB Medicinos bankas, Lietuvos kredito unijos, MoQ, Paysera s\u0105skaita, Kreditin\u0117s kortel\u0117s<\/p>\t\t\t\t\t\t\t\t<\/div>\n\t\t\t\t<\/div>\n\t\t\t\t<div class=\"elementor-element elementor-element-b074be8 elementor-widget elementor-widget-text-editor\" data-id=\"b074be8\" data-element_type=\"widget\" data-e-type=\"widget\" data-widget_type=\"text-editor.default\">\n\t\t\t\t<div class=\"elementor-widget-container\">\n\t\t\t\t\t\t\t\t\t<p><strong>2. Vous pouvez payer par virement bancaire :<\/strong><\/p><p>Conditions requises pour l'\u00e9tablissement :<\/p><ol><li><em><strong>AB \"SEB\" bankas :<\/strong><\/em><br \/>Compte n\u00b0 : LT39 7044 0600 0786 3477 - EUR \/ USD \/ GBP (multidevise)<br \/>Code bancaire : 70440<br \/>Code S.W.I.F.T : CBVILT2X<\/li><li><em><strong>Paysera :\u00a0<\/strong><\/em>UAB Paysera, \u00e9tablissement de monnaie \u00e9lectronique<br \/>N\u00b0 de compte : LT13 3500 0100 0139 8442 - EUR \/ USD \/ GBP (multidevise).\u00a0<span class=\"goog-text-highlight\">Code bancaire : 35000,\u00a0<\/span><span class=\"goog-text-highlight\">Code S.WIFT : EVIULT21XXX<\/span><br \/><br \/><\/li><\/ol><p>N'oubliez pas d'\u00e9crire\u00a0<strong><u>code de commande<\/u><\/strong>\u00a0dans le champ \"Objet\" du virement bancaire.<\/p>\t\t\t\t\t\t\t\t<\/div>\n\t\t\t\t<\/div>\n\t\t\t\t\t<\/div>\n\t\t<\/div>\n\t\t\t\t\t<\/div>\n\t\t<\/section>\n\t\t\t\t<section class=\"elementor-section elementor-top-section elementor-element elementor-element-b4986d8 elementor-section-boxed elementor-section-height-default elementor-section-height-default\" data-id=\"b4986d8\" data-element_type=\"section\" data-e-type=\"section\">\n\t\t\t\t\t\t<div class=\"elementor-container elementor-column-gap-default\">\n\t\t\t\t\t<div class=\"elementor-column elementor-col-100 elementor-top-column elementor-element elementor-element-73e89ab\" data-id=\"73e89ab\" data-element_type=\"column\" data-e-type=\"column\">\n\t\t\t<div class=\"elementor-widget-wrap elementor-element-populated\">\n\t\t\t\t\t\t<div class=\"elementor-element elementor-element-472b1f0 elementor-widget elementor-widget-heading\" data-id=\"472b1f0\" data-element_type=\"widget\" data-e-type=\"widget\" data-widget_type=\"heading.default\">\n\t\t\t\t<div class=\"elementor-widget-container\">\n\t\t\t\t\t<h2 class=\"elementor-heading-title elementor-size-default\">Livraison<\/h2>\t\t\t\t<\/div>\n\t\t\t\t<\/div>\n\t\t\t\t<div class=\"elementor-element elementor-element-e951280 elementor-widget elementor-widget-text-editor\" data-id=\"e951280\" data-element_type=\"widget\" data-e-type=\"widget\" data-widget_type=\"text-editor.default\">\n\t\t\t\t<div class=\"elementor-widget-container\">\n\t\t\t\t\t\t\t\t\t<p>1.1. Le vendeur s'efforce de livrer par courrier les marchandises particuli\u00e8res command\u00e9es par l'acheteur dans les deux jours ouvrables suivant le paiement des marchandises.<br \/>1.2. Le service de messagerie livre les marchandises \u00e0 l'adresse de l'acheteur \u00e0 :<br \/>1.2.1. 1 \u00e0 2 jours ouvrables en Lituanie ;<br \/>1.2.2. Pour les autres pays, contacter par t\u00e9l\u00e9phone ou par e-mail ;<br \/>1.3. Les services de Venipak Lietuva sont utilis\u00e9s pour la livraison des marchandises.<br \/>1.4. Toute commande sera exp\u00e9di\u00e9e par le service de messagerie Venipak Lietuva. Lorsque votre commande est exp\u00e9di\u00e9e, vous recevez une notification du num\u00e9ro de suivi du colis, ce qui vous permet de suivre son \u00e9volution \u00e0 l'aide du service en ligne.<br \/>1.5. L'acheteur peut consulter les informations concernant les heures de travail (d\u00e9lai de livraison) et les services de Venipak Lietuva sur la page Web de Venipak disponible dans le pays concern\u00e9.<br \/>1.6. Si vous ne trouvez pas votre pays, veuillez nous contacter par e-mail ou par t\u00e9l\u00e9phone et nous vous trouverons la m\u00e9thode de livraison la plus pratique.<\/p><p><strong>Montant de la commande sup\u00e9rieur \u00e0 50 \u20ac - Livraison GRATUITE en Lituanie<br \/><\/strong>Dans le reste du monde, le prix de la livraison est calcul\u00e9 en fonction du poids de la commande.<\/p>\t\t\t\t\t\t\t\t<\/div>\n\t\t\t\t<\/div>\n\t\t\t\t\t<\/div>\n\t\t<\/div>\n\t\t\t\t\t<\/div>\n\t\t<\/section>\n\t\t\t\t<section class=\"elementor-section elementor-top-section elementor-element elementor-element-c740a31 elementor-section-boxed elementor-section-height-default elementor-section-height-default\" data-id=\"c740a31\" data-element_type=\"section\" data-e-type=\"section\">\n\t\t\t\t\t\t<div class=\"elementor-container elementor-column-gap-default\">\n\t\t\t\t\t<div class=\"elementor-column elementor-col-100 elementor-top-column elementor-element elementor-element-5b9eb46\" data-id=\"5b9eb46\" data-element_type=\"column\" data-e-type=\"column\">\n\t\t\t<div class=\"elementor-widget-wrap elementor-element-populated\">\n\t\t\t\t\t\t<div class=\"elementor-element elementor-element-d5923c9 elementor-widget elementor-widget-heading\" data-id=\"d5923c9\" data-element_type=\"widget\" data-e-type=\"widget\" data-widget_type=\"heading.default\">\n\t\t\t\t<div class=\"elementor-widget-container\">\n\t\t\t\t\t<h2 class=\"elementor-heading-title elementor-size-default\">Retours<\/h2>\t\t\t\t<\/div>\n\t\t\t\t<\/div>\n\t\t\t\t<div class=\"elementor-element elementor-element-e7bef0d elementor-widget elementor-widget-text-editor\" data-id=\"e7bef0d\" data-element_type=\"widget\" data-e-type=\"widget\" data-widget_type=\"text-editor.default\">\n\t\t\t\t<div class=\"elementor-widget-container\">\n\t\t\t\t\t\t\t\t\t<p>2.1. Biens achet\u00e9s\u00a0<strong>directement<\/strong> de www.healthychoice.co.uk peuvent \u00eatre retourn\u00e9s dans les 15 jours suivant la livraison.<br \/>2.2. Les retours ne sont \u00e9ligibles que si l'emballage du produit n'a pas \u00e9t\u00e9 ouvert.<br \/>2.3. Les marchandises doivent \u00eatre retourn\u00e9es dans leur emballage d'origine.<br \/>2.4. Le remboursement de l'acheteur peut \u00eatre effectu\u00e9 dans les 5 jours ouvrables suivant le retour des marchandises au vendeur et la confirmation par le vendeur que les marchandises sont accept\u00e9es comme \u00e9tant retourn\u00e9es. Les frais de livraison ne sont pas remboursables.<br \/>2.5. Si vous souhaitez retourner un article pour \u00e9change ou remboursement, nous vous conseillons de le faire par l'interm\u00e9diaire d'un service de livraison s\u00e9curis\u00e9 et assur\u00e9 (comme Venipak, UPS, DHL, DPD, etc.). Nous n'acceptons aucune responsabilit\u00e9 pour les articles non re\u00e7us. Les frais de retour sont \u00e0 la charge de l'acheteur.<br \/>2.6. En r\u00e8gle g\u00e9n\u00e9rale, une demande de retour est trait\u00e9e dans les 48 heures suivant sa r\u00e9ception.<br \/>2.7. Adresse pour les retours : Sporto st. 3-79, LT-09238, Vilnius, Lituanie.<\/p>\t\t\t\t\t\t\t\t<\/div>\n\t\t\t\t<\/div>\n\t\t\t\t\t<\/div>\n\t\t<\/div>\n\t\t\t\t\t<\/div>\n\t\t<\/section>\n\t\t\t\t<\/div>","protected":false},"excerpt":{"rendered":"<p>Payment 1. You can pay by using E-banking (Paysera) Paysera is an electronic payment system that combines different payment methods: via the Paysera system, electronic banking or payment cards. Paysera offers a free multi-currency account, which takes just a few minutes to open and top up. Also fast and secure online payments, for which the [&hellip;]<\/p>\n","protected":false},"author":3,"featured_media":0,"parent":0,"menu_order":0,"comment_status":"closed","ping_status":"closed","template":"","meta":{"footnotes":""},"class_list":["post-491","page","type-page","status-publish","hentry"],"blocksy_meta":[],"aioseo_notices":[],"_links":{"self":[{"href":"https:\/\/healthy-choice.co.uk\/fr\/wp-json\/wp\/v2\/pages\/491","targetHints":{"allow":["GET"]}}],"collection":[{"href":"https:\/\/healthy-choice.co.uk\/fr\/wp-json\/wp\/v2\/pages"}],"about":[{"href":"https:\/\/healthy-choice.co.uk\/fr\/wp-json\/wp\/v2\/types\/page"}],"author":[{"embeddable":true,"href":"https:\/\/healthy-choice.co.uk\/fr\/wp-json\/wp\/v2\/users\/3"}],"replies":[{"embeddable":true,"href":"https:\/\/healthy-choice.co.uk\/fr\/wp-json\/wp\/v2\/comments?post=491"}],"version-history":[{"count":1,"href":"https:\/\/healthy-choice.co.uk\/fr\/wp-json\/wp\/v2\/pages\/491\/revisions"}],"predecessor-version":[{"id":2232,"href":"https:\/\/healthy-choice.co.uk\/fr\/wp-json\/wp\/v2\/pages\/491\/revisions\/2232"}],"wp:attachment":[{"href":"https:\/\/healthy-choice.co.uk\/fr\/wp-json\/wp\/v2\/media?parent=491"}],"curies":[{"name":"wp","href":"https:\/\/api.w.org\/{rel}","templated":true}]}}