{"id":3,"date":"2023-07-04T10:27:14","date_gmt":"2023-07-04T10:27:14","guid":{"rendered":"https:\/\/healthy-choice.co.uk\/?page_id=3"},"modified":"2024-04-09T13:31:15","modified_gmt":"2024-04-09T10:31:15","slug":"privacy-policy","status":"publish","type":"page","link":"https:\/\/healthy-choice.co.uk\/fr\/privacy-policy\/","title":{"rendered":"Politique de confidentialit\u00e9"},"content":{"rendered":"<div data-elementor-type=\"wp-page\" data-elementor-id=\"3\" class=\"elementor elementor-3\">\n\t\t\t\t<div class=\"elementor-element elementor-element-4a6b9da e-flex e-con-boxed e-con e-parent\" data-id=\"4a6b9da\" data-element_type=\"container\" data-e-type=\"container\" data-settings=\"{&quot;background_background&quot;:&quot;classic&quot;}\">\n\t\t\t\t\t<div class=\"e-con-inner\">\n\t\t<div class=\"elementor-element elementor-element-2af4332 e-con-full animated-slow e-flex elementor-invisible e-con e-child\" data-id=\"2af4332\" data-element_type=\"container\" data-e-type=\"container\" data-settings=\"{&quot;animation&quot;:&quot;fadeInUp&quot;,&quot;animation_delay&quot;:200}\">\n\t\t\t\t<div class=\"elementor-element elementor-element-c142227 elementor-widget elementor-widget-text-editor\" data-id=\"c142227\" data-element_type=\"widget\" data-e-type=\"widget\" data-widget_type=\"text-editor.default\">\n\t\t\t\t<div class=\"elementor-widget-container\">\n\t\t\t\t\t\t\t\t\t<p>\u0160i privatumo politika reglamentuoja elektronin\u0117s parduotuv\u0117s\u00a0<a href=\"https:\/\/www.healthychoice.lt\/?v=c562607189d7\" target=\"_blank\" rel=\"noreferrer noopener\">www.healthychoice.lt<\/a>\u00a0ir pirk\u0117jo pagrindinius asmens duomen\u0173 rinkimo, tvarkymo ir saugojimo principus bei tvark\u0105. Informacija gali b\u016bti koreguojama \u2013 patikrinkite j\u0105 prie\u0161 darydami pirkim\u0105, kad b\u016btume tikri, jog Jus tenkina pateikta informacija.<\/p>\n<p><strong>Galime rinkti \u0161iuos duomenis:<\/strong> <br>1. Vardas, pavard\u0117. <br>2. Kontaktin\u0117 informacija. <br>3. Demografin\u0117 informacija (pa\u0161to kodas, IP, kita). <br>4. Kita informacija reikalinga pasi\u016blymams vykdyti. <br><br><strong>Mums reikalinga \u0161i informacija, jog suprastume j\u016bs\u0173 poreikius, pasi\u016blytume geresn\u012f aptarnavim\u0105 bei atliktume \u0161iuos veiksmus:<br><\/strong> 1. Vidinei apskaitai. <br>2. Produkt\u0173 bei paslaug\u0173 kokyb\u0117s k\u0117limui. <br>3. Reklaminiams lai\u0161kams su Jums aktualiais pasi\u016blymais. <br>4. Marketingini\u0173 tyrim\u0173 tikslais, susisiekiant su Jumis el.pa\u0161tu arba telefonu.<\/p>\t\t\t\t\t\t\t\t<\/div>\n\t\t\t\t<\/div>\n\t\t\t\t<div class=\"elementor-element elementor-element-05610ec elementor-widget elementor-widget-accordion\" data-id=\"05610ec\" data-element_type=\"widget\" data-e-type=\"widget\" data-widget_type=\"accordion.default\">\n\t\t\t\t<div class=\"elementor-widget-container\">\n\t\t\t\t\t\t\t<div class=\"elementor-accordion\">\n\t\t\t\t\t\t\t<div class=\"elementor-accordion-item\">\n\t\t\t\t\t<div id=\"elementor-tab-title-5641\" class=\"elementor-tab-title\" data-tab=\"1\" role=\"button\" aria-controls=\"elementor-tab-content-5641\" aria-expanded=\"false\">\n\t\t\t\t\t\t\t\t\t\t\t\t\t<span class=\"elementor-accordion-icon elementor-accordion-icon-left\" aria-hidden=\"true\">\n\t\t\t\t\t\t\t\t\t\t\t\t\t\t\t<span class=\"elementor-accordion-icon-closed\"><i class=\"fas fa-angle-down\"><\/i><\/span>\n\t\t\t\t\t\t\t\t<span class=\"elementor-accordion-icon-opened\"><i class=\"fas fa-angle-up\"><\/i><\/span>\n\t\t\t\t\t\t\t\t\t\t\t\t\t\t<\/span>\n\t\t\t\t\t\t\t\t\t\t\t\t<a class=\"elementor-accordion-title\" tabindex=\"0\">Slapukai<\/a>\n\t\t\t\t\t<\/div>\n\t\t\t\t\t<div id=\"elementor-tab-content-5641\" class=\"elementor-tab-content elementor-clearfix\" data-tab=\"1\" role=\"region\" aria-labelledby=\"elementor-tab-title-5641\"><p>Slapukas (angl. cookies) \u2013 ma\u017eas tekstinis dokumentas, turintis unikal\u0173 identifikacijos numer\u012f, kuris yra perduodamas i\u0161 interneto tinklalapio \u012f lankytojo kompiuterio kiet\u0105j\u012f disk\u0105, kad tinklalapio administratorius gal\u0117t\u0173 atskirti lankytojo kompiuter\u012f ir matyti jo veikl\u0105 internete. Kai j\u016bs sutinkate, jog slapukai b\u016bt\u0173 naudojami, \u0161is tekstinis dokumentas yra pridedamas ir slapukai leid\u017eia analizuoti puslapio srauto informacij\u0105. \u0160i priemon\u0117 taip pat leid\u017eia kaupti, analizuoti bei prisiminti informacij\u0105 apie tai kuo j\u016bs domit\u0117s, kam j\u016bs teikiate pirmenyb\u0119.<\/p>\n<p>Mes naudojame internetinio srauto slapukus, jog gal\u0117tume matyti kokius puslapius vartotojas lanko. Tai padeda internetinio srauto duomen\u0173 analizei atlikti bei pagerinti nar\u0161ymo kokyb\u0119 internetiniame puslapyje, atsi\u017evelgiant \u012f vartotoj\u0173 elgsen\u0105. \u0160i\u0105 informacij\u0105 mes naudojame tik statistin\u0117s analiz\u0117s tikslais.<\/p>\n<p>Apibendrinant, slapukai padeda gerinti internetin\u012f puslap\u012f, leid\u017eiant mums steb\u0117ti kurie puslapiai jus domina, o kurie ne. Slapukai jokiu b\u016bdu negali perduoti mums prisijungimo prie j\u016bs\u0173 asmeninio kompiuterio ar informacijos apie jus, i\u0161skyrus tos informacijos, kuri\u0105 j\u016bs savo noriu pateikiate. J\u016bs visada galite pasirinkti priimti ar atmesti slapukus. Daugelis interneto nar\u0161ykli\u0173 automati\u0161kai priima slapukus, ta\u010diau j\u016bs galite keisti nar\u0161ykl\u0117s nustatymus ir nepriimti slapuk\u0173.<\/p><\/div>\n\t\t\t\t<\/div>\n\t\t\t\t\t\t\t<div class=\"elementor-accordion-item\">\n\t\t\t\t\t<div id=\"elementor-tab-title-5642\" class=\"elementor-tab-title\" data-tab=\"2\" role=\"button\" aria-controls=\"elementor-tab-content-5642\" aria-expanded=\"false\">\n\t\t\t\t\t\t\t\t\t\t\t\t\t<span class=\"elementor-accordion-icon elementor-accordion-icon-left\" aria-hidden=\"true\">\n\t\t\t\t\t\t\t\t\t\t\t\t\t\t\t<span class=\"elementor-accordion-icon-closed\"><i class=\"fas fa-angle-down\"><\/i><\/span>\n\t\t\t\t\t\t\t\t<span class=\"elementor-accordion-icon-opened\"><i class=\"fas fa-angle-up\"><\/i><\/span>\n\t\t\t\t\t\t\t\t\t\t\t\t\t\t<\/span>\n\t\t\t\t\t\t\t\t\t\t\t\t<a class=\"elementor-accordion-title\" tabindex=\"0\">M\u016bs\u0173 naudojami slapukai<\/a>\n\t\t\t\t\t<\/div>\n\t\t\t\t\t<div id=\"elementor-tab-content-5642\" class=\"elementor-tab-content elementor-clearfix\" data-tab=\"2\" role=\"region\" aria-labelledby=\"elementor-tab-title-5642\"><p>Google Analytics i\u0161saugo slapukus J\u016bs\u0173 \u012frenginyje tam, kad b\u016bt\u0173 galima generuoti anonimi\u0161kas ataskaitas ir statistik\u0105. \u201eGoogle Analytics\u201d i\u0161saugo \u0161i\u0105 informacij\u0105 pagal savo taikom\u0105\u00a0<a href=\"https:\/\/policies.google.com\/privacy\" target=\"_blank\" rel=\"noreferrer noopener\">privatumo politik\u0105<\/a>.<\/p>\n<p>El. parduotuv\u0117s veikimui naudojami slapukai. Krep\u0161elis, prisijungimai ir t.t.<\/p><\/div>\n\t\t\t\t<\/div>\n\t\t\t\t\t\t\t<div class=\"elementor-accordion-item\">\n\t\t\t\t\t<div id=\"elementor-tab-title-5643\" class=\"elementor-tab-title\" data-tab=\"3\" role=\"button\" aria-controls=\"elementor-tab-content-5643\" aria-expanded=\"false\">\n\t\t\t\t\t\t\t\t\t\t\t\t\t<span class=\"elementor-accordion-icon elementor-accordion-icon-left\" aria-hidden=\"true\">\n\t\t\t\t\t\t\t\t\t\t\t\t\t\t\t<span class=\"elementor-accordion-icon-closed\"><i class=\"fas fa-angle-down\"><\/i><\/span>\n\t\t\t\t\t\t\t\t<span class=\"elementor-accordion-icon-opened\"><i class=\"fas fa-angle-up\"><\/i><\/span>\n\t\t\t\t\t\t\t\t\t\t\t\t\t\t<\/span>\n\t\t\t\t\t\t\t\t\t\t\t\t<a class=\"elementor-accordion-title\" tabindex=\"0\">Nuorodos \u012f kitus puslapius<\/a>\n\t\t\t\t\t<\/div>\n\t\t\t\t\t<div id=\"elementor-tab-content-5643\" class=\"elementor-tab-content elementor-clearfix\" data-tab=\"3\" role=\"region\" aria-labelledby=\"elementor-tab-title-5643\"><p><a href=\"https:\/\/www.healthychoice.lt\/?v=c562607189d7\" target=\"_blank\" rel=\"noreferrer noopener\">www.healthychoice.lt<\/a>\u00a0puslapis gali tur\u0117ti nuorod\u0173 \u012f kitus internetinius puslapius. Pasinaudoj\u0119 nuorodomis, vedan\u010diomis \u012f kitus internetinius puslapius, u\u017e ten pateikiam\u0105 informacij\u0105 ar duomenis tampate atsakingi patys. Galime patikinti, kad m\u016bs\u0173 parduotuv\u0117s pirk\u0117jai, atlikdami mok\u0117jimus, duomenis suveda patikim\u0173 mok\u0117jim\u0173 surink\u0117j\u0173 puslapiuose, bet mums \u0161i informacija tikrai neprieinama.<\/p><\/div>\n\t\t\t\t<\/div>\n\t\t\t\t\t\t\t<div class=\"elementor-accordion-item\">\n\t\t\t\t\t<div id=\"elementor-tab-title-5644\" class=\"elementor-tab-title\" data-tab=\"4\" role=\"button\" aria-controls=\"elementor-tab-content-5644\" aria-expanded=\"false\">\n\t\t\t\t\t\t\t\t\t\t\t\t\t<span class=\"elementor-accordion-icon elementor-accordion-icon-left\" aria-hidden=\"true\">\n\t\t\t\t\t\t\t\t\t\t\t\t\t\t\t<span class=\"elementor-accordion-icon-closed\"><i class=\"fas fa-angle-down\"><\/i><\/span>\n\t\t\t\t\t\t\t\t<span class=\"elementor-accordion-icon-opened\"><i class=\"fas fa-angle-up\"><\/i><\/span>\n\t\t\t\t\t\t\t\t\t\t\t\t\t\t<\/span>\n\t\t\t\t\t\t\t\t\t\t\t\t<a class=\"elementor-accordion-title\" tabindex=\"0\">Asmenin\u0117s informacijos kontrol\u0117<\/a>\n\t\t\t\t\t<\/div>\n\t\t\t\t\t<div id=\"elementor-tab-content-5644\" class=\"elementor-tab-content elementor-clearfix\" data-tab=\"4\" role=\"region\" aria-labelledby=\"elementor-tab-title-5644\"><p>Mes neparduosime, neplatinsime ar neperleisime j\u016bs\u0173 asmenin\u0117s informacijos tre\u010diosioms \u0161alims, i\u0161skyrus atvejus kai mes tur\u0117sime j\u016bs\u0173 leidim\u0105 pateikti informacij\u0105 arba tai bus teisi\u0161kai pagr\u012fsta proced\u016bra. Jeigu esate dav\u0119 sutikim\u0105 naudoti j\u016bs\u0173 asmenin\u0119 informacij\u0105 tiesioginiais marketingo tikslais, j\u016bs galite apsigalvoti ir bet kuriuo metu prane\u0161ti el. pa\u0161tu:\u00a0<a href=\"mailto:info@healthychoice.lt\" target=\"_blank\" rel=\"noreferrer noopener\">info@healthychoice.lt<\/a><\/p><\/div>\n\t\t\t\t<\/div>\n\t\t\t\t\t\t\t\t<\/div>\n\t\t\t\t\t\t<\/div>\n\t\t\t\t<\/div>\n\t\t\t\t<\/div>\n\t\t\t\t\t<\/div>\n\t\t\t\t<\/div>\n\t\t\t\t<\/div>","protected":false},"excerpt":{"rendered":"<p>\u0160i privatumo politika reglamentuoja elektronin\u0117s parduotuv\u0117s\u00a0www.healthychoice.lt\u00a0ir pirk\u0117jo pagrindinius asmens duomen\u0173 rinkimo, tvarkymo ir saugojimo principus bei tvark\u0105. Informacija gali b\u016bti koreguojama \u2013 patikrinkite j\u0105 prie\u0161 darydami pirkim\u0105, kad b\u016btume tikri, jog Jus tenkina pateikta informacija. Galime rinkti \u0161iuos duomenis: 1. Vardas, pavard\u0117. 2. Kontaktin\u0117 informacija. 3. Demografin\u0117 informacija (pa\u0161to kodas, IP, kita). 4. Kita informacija [&hellip;]<\/p>\n","protected":false},"author":3,"featured_media":0,"parent":0,"menu_order":0,"comment_status":"closed","ping_status":"closed","template":"","meta":{"footnotes":""},"class_list":["post-3","page","type-page","status-publish","hentry"],"blocksy_meta":[],"aioseo_notices":[],"_links":{"self":[{"href":"https:\/\/healthy-choice.co.uk\/fr\/wp-json\/wp\/v2\/pages\/3","targetHints":{"allow":["GET"]}}],"collection":[{"href":"https:\/\/healthy-choice.co.uk\/fr\/wp-json\/wp\/v2\/pages"}],"about":[{"href":"https:\/\/healthy-choice.co.uk\/fr\/wp-json\/wp\/v2\/types\/page"}],"author":[{"embeddable":true,"href":"https:\/\/healthy-choice.co.uk\/fr\/wp-json\/wp\/v2\/users\/3"}],"replies":[{"embeddable":true,"href":"https:\/\/healthy-choice.co.uk\/fr\/wp-json\/wp\/v2\/comments?post=3"}],"version-history":[{"count":1,"href":"https:\/\/healthy-choice.co.uk\/fr\/wp-json\/wp\/v2\/pages\/3\/revisions"}],"predecessor-version":[{"id":2116,"href":"https:\/\/healthy-choice.co.uk\/fr\/wp-json\/wp\/v2\/pages\/3\/revisions\/2116"}],"wp:attachment":[{"href":"https:\/\/healthy-choice.co.uk\/fr\/wp-json\/wp\/v2\/media?parent=3"}],"curies":[{"name":"wp","href":"https:\/\/api.w.org\/{rel}","templated":true}]}}