{"id":1214,"date":"2023-07-04T12:15:06","date_gmt":"2023-07-04T12:15:06","guid":{"rendered":"https:\/\/healthy-choice.co.uk\/?page_id=1214"},"modified":"2024-04-09T13:31:15","modified_gmt":"2024-04-09T10:31:15","slug":"distributor","status":"publish","type":"page","link":"https:\/\/healthy-choice.co.uk\/fr\/distributor\/","title":{"rendered":"Devenir distributeur"},"content":{"rendered":"<div data-elementor-type=\"wp-page\" data-elementor-id=\"1214\" class=\"elementor elementor-1214\">\n\t\t\t\t<div class=\"elementor-element elementor-element-cbd4508 e-flex e-con-boxed e-con e-parent\" data-id=\"cbd4508\" data-element_type=\"container\" data-e-type=\"container\" data-settings=\"{&quot;background_background&quot;:&quot;classic&quot;}\">\n\t\t\t\t\t<div class=\"e-con-inner\">\n\t\t<div class=\"elementor-element elementor-element-bbfc949 e-con-full animated-slow e-flex elementor-invisible e-con e-child\" data-id=\"bbfc949\" data-element_type=\"container\" data-e-type=\"container\" data-settings=\"{&quot;animation&quot;:&quot;fadeInUp&quot;,&quot;animation_delay&quot;:200}\">\n\t\t\t\t<div class=\"elementor-element elementor-element-0031e10 elementor-position-top elementor-widget elementor-widget-image-box\" data-id=\"0031e10\" data-element_type=\"widget\" data-e-type=\"widget\" data-widget_type=\"image-box.default\">\n\t\t\t\t<div class=\"elementor-widget-container\">\n\t\t\t\t\t<div class=\"elementor-image-box-wrapper\"><figure class=\"elementor-image-box-img\"><img fetchpriority=\"high\" decoding=\"async\" width=\"566\" height=\"441\" src=\"https:\/\/healthy-choice.co.uk\/wp-content\/uploads\/2023\/07\/vertybes.png\" class=\"attachment-full size-full wp-image-1419\" alt=\"\" srcset=\"https:\/\/healthy-choice.co.uk\/wp-content\/uploads\/2023\/07\/vertybes.png 566w, https:\/\/healthy-choice.co.uk\/wp-content\/uploads\/2023\/07\/vertybes-300x234.png 300w\" sizes=\"(max-width: 566px) 100vw, 566px\" \/><\/figure><div class=\"elementor-image-box-content\"><h3 class=\"elementor-image-box-title\">Devenir distributeur<\/h3><\/div><\/div>\t\t\t\t<\/div>\n\t\t\t\t<\/div>\n\t\t\t\t<div class=\"elementor-element elementor-element-adbcf3b elementor-widget elementor-widget-text-editor\" data-id=\"adbcf3b\" data-element_type=\"widget\" data-e-type=\"widget\" data-widget_type=\"text-editor.default\">\n\t\t\t\t<div class=\"elementor-widget-container\">\n\t\t\t\t\t\t\t\t\t<p>Nous croyons en l'identification, la construction et l'entretien de partenariats \u00e0 long terme avec les distributeurs. Nous recherchons des partenaires distributeurs bien g\u00e9r\u00e9s, bien \u00e9tablis et disposant de ressources suffisantes, qui souhaitent d\u00e9velopper leurs activit\u00e9s autant que nous souhaitons d\u00e9velopper les n\u00f4tres. Nos partenariats s'appuient sur notre portefeuille de produits performants pour garantir la r\u00e9ussite de nos partenaires distributeurs sur leurs march\u00e9s respectifs. Si vous ou votre entreprise \u00eates pr\u00eats \u00e0 relever le d\u00e9fi et \u00e0 profiter des r\u00e9compenses offertes par un partenariat de distribution, veuillez prendre quelques minutes pour remplir le formulaire ci-dessous. Nous aimerions en savoir plus sur vous et votre entreprise.<\/p>\t\t\t\t\t\t\t\t<\/div>\n\t\t\t\t<\/div>\n\t\t\t\t<div class=\"elementor-element elementor-element-6cd9d11 elementor-widget elementor-widget-form\" data-id=\"6cd9d11\" data-element_type=\"widget\" data-e-type=\"widget\" data-widget_type=\"form.default\">\n\t\t\t\t<div class=\"elementor-widget-container\">\n\t\t\t\t\t \t\t\t\t<\/div>\n\t\t\t\t<\/div>\n\t\t\t\t<\/div>\n\t\t\t\t\t<\/div>\n\t\t\t\t<\/div>\n\t\t\t\t<\/div>","protected":false},"excerpt":{"rendered":"<p>Become a Distributor We believe in identifying, building and nurturing long term distributor partnerships. We seek well run, established and properly resourced distributor partners that want to grow their business as much as we want to grow ours. Our partnerships begin with our portfolio of high performance products to insure our distributor partners are successful [&hellip;]<\/p>\n","protected":false},"author":3,"featured_media":0,"parent":0,"menu_order":0,"comment_status":"closed","ping_status":"closed","template":"","meta":{"footnotes":""},"class_list":["post-1214","page","type-page","status-publish","hentry"],"blocksy_meta":[],"aioseo_notices":[],"_links":{"self":[{"href":"https:\/\/healthy-choice.co.uk\/fr\/wp-json\/wp\/v2\/pages\/1214","targetHints":{"allow":["GET"]}}],"collection":[{"href":"https:\/\/healthy-choice.co.uk\/fr\/wp-json\/wp\/v2\/pages"}],"about":[{"href":"https:\/\/healthy-choice.co.uk\/fr\/wp-json\/wp\/v2\/types\/page"}],"author":[{"embeddable":true,"href":"https:\/\/healthy-choice.co.uk\/fr\/wp-json\/wp\/v2\/users\/3"}],"replies":[{"embeddable":true,"href":"https:\/\/healthy-choice.co.uk\/fr\/wp-json\/wp\/v2\/comments?post=1214"}],"version-history":[{"count":1,"href":"https:\/\/healthy-choice.co.uk\/fr\/wp-json\/wp\/v2\/pages\/1214\/revisions"}],"predecessor-version":[{"id":2147,"href":"https:\/\/healthy-choice.co.uk\/fr\/wp-json\/wp\/v2\/pages\/1214\/revisions\/2147"}],"wp:attachment":[{"href":"https:\/\/healthy-choice.co.uk\/fr\/wp-json\/wp\/v2\/media?parent=1214"}],"curies":[{"name":"wp","href":"https:\/\/api.w.org\/{rel}","templated":true}]}}