{"id":86,"date":"2023-07-07T05:35:22","date_gmt":"2023-07-07T02:35:22","guid":{"rendered":"https:\/\/demo.creativethemes.com\/blocksy\/floreo\/?post_type=product&#038;p=86"},"modified":"2025-12-28T14:32:08","modified_gmt":"2025-12-28T12:32:08","slug":"100-pure-collagen-strawberry-flavor-500ml","status":"publish","type":"product","link":"https:\/\/healthy-choice.co.uk\/es\/producto\/100-pure-collagen-strawberry-flavor-500ml\/","title":{"rendered":"100% Col\u00e1geno puro, sabor fresa 500ml"},"content":{"rendered":"<p><strong>100% COL\u00c1GENO PURO SABOR FRESA<\/strong><\/p>\n<p>Cantidad neta 500 ml<\/p>\n<p>El col\u00e1geno es una prote\u00edna natural del cuerpo humano que sostiene la estructura de la piel, los huesos y los m\u00fasculos, pero durante el proceso de envejecimiento disminuye la capacidad del propio organismo para sintetizar col\u00e1geno. Por este motivo, se est\u00e1n desarrollando suplementos de col\u00e1geno que ayudan a mantener el estado normal de la piel, el cabello y las u\u00f1as, reducen la p\u00e9rdida \u00f3sea y tienen un efecto positivo sobre el sistema cardiovascular.<\/p>\n<p>100% col\u00e1geno puro en sabor fresa es de la mejor calidad, creado preservando todas las sustancias m\u00e1s importantes para mejorar la condici\u00f3n del cabello, piel, u\u00f1as, tejidos conectivos, articulaciones. Es un gran sabor a fresa, barato, producto de calidad, adecuado para el uso de una vez al d\u00eda.<\/p>\n<p>El col\u00e1geno 100% puro con sabor a fresa contiene biotina, zinc, vitamina E y C. La biotina es sumamente importante para el metabolismo de los hidratos de carbono, las prote\u00ednas y las grasas. La biotina ayuda a mantener el metabolismo energ\u00e9tico normal, la actividad del sistema nervioso, la funci\u00f3n psicol\u00f3gica y el estado de la piel. El zinc es esencial para la producci\u00f3n de prote\u00ednas, importantes para el desarrollo y funcionamiento de las c\u00e9lulas inmunitarias. El zinc, al igual que las vitaminas E y C, ayuda a mantener un sistema inmunitario fuerte.<\/p>","protected":false},"excerpt":{"rendered":"<div class=\"product-short-description\">\n<p>100% col\u00e1geno puro con sabor a fresa, 500m<\/p>\n<\/div>","protected":false},"featured_media":2029,"template":"","meta":[],"product_brand":[],"product_cat":[15],"product_tag":[43],"giftcard-category":[],"class_list":{"0":"post-86","1":"product","2":"type-product","3":"status-publish","4":"has-post-thumbnail","6":"product_cat-uncategorized","7":"product_tag-l-carnitine-or-collagen-gift","9":"first","10":"instock","11":"sale","12":"taxable","13":"shipping-taxable","14":"purchasable","15":"product-type-simple"},"aioseo_notices":[],"_links":{"self":[{"href":"https:\/\/healthy-choice.co.uk\/es\/wp-json\/wp\/v2\/product\/86","targetHints":{"allow":["GET"]}}],"collection":[{"href":"https:\/\/healthy-choice.co.uk\/es\/wp-json\/wp\/v2\/product"}],"about":[{"href":"https:\/\/healthy-choice.co.uk\/es\/wp-json\/wp\/v2\/types\/product"}],"wp:featuredmedia":[{"embeddable":true,"href":"https:\/\/healthy-choice.co.uk\/es\/wp-json\/wp\/v2\/media\/2029"}],"wp:attachment":[{"href":"https:\/\/healthy-choice.co.uk\/es\/wp-json\/wp\/v2\/media?parent=86"}],"wp:term":[{"taxonomy":"product_brand","embeddable":true,"href":"https:\/\/healthy-choice.co.uk\/es\/wp-json\/wp\/v2\/product_brand?post=86"},{"taxonomy":"product_cat","embeddable":true,"href":"https:\/\/healthy-choice.co.uk\/es\/wp-json\/wp\/v2\/product_cat?post=86"},{"taxonomy":"product_tag","embeddable":true,"href":"https:\/\/healthy-choice.co.uk\/es\/wp-json\/wp\/v2\/product_tag?post=86"},{"taxonomy":"giftcard-category","embeddable":true,"href":"https:\/\/healthy-choice.co.uk\/es\/wp-json\/wp\/v2\/giftcard-category?post=86"}],"curies":[{"name":"wp","href":"https:\/\/api.w.org\/{rel}","templated":true}]}}