{"id":74,"date":"2022-01-13T08:46:25","date_gmt":"2022-01-13T08:46:25","guid":{"rendered":"https:\/\/demo.creativethemes.com\/blocksy\/floreo\/?post_type=product&#038;p=74"},"modified":"2025-12-28T14:35:59","modified_gmt":"2025-12-28T12:35:59","slug":"hulled-hemp-seeds-150g","status":"publish","type":"product","link":"https:\/\/healthy-choice.co.uk\/es\/producto\/hulled-hemp-seeds-150g\/","title":{"rendered":"Semillas de c\u00e1\u00f1amo descascarilladas, 150 g"},"content":{"rendered":"<p><strong>Apie \"HEALTHY CHOICE\" luk\u0161tentas kanapi\u0173 s\u0117klas<\/strong><\/p>\n<p>Mes apdorojame kanapi\u0173 s\u0117klas tik jas luk\u0161tenant. Naudojamos tik didel\u0117s - 2,5 mm ar didesn\u0117s s\u0117klos. S\u0117klos yra mechani\u0161kai apdorojamos sukamajame keraminiame diske, kur yra atskiriami luk\u0161tai nuo branduoli\u0173, o jie atskiriami sijojimo proceso metu. Tokiu b\u016bdu i\u0161laikomi visi nat\u016bral\u016bs elementai ir gyvybi\u0161kai svarb\u016bs mineralai.<\/p>\n<p>Pla\u010diau apie kanapi\u0173 s\u0117kl\u0173 naud\u0105 galite paskaityti straipsnyje: <a href=\"https:\/\/healthy-choice.co.uk\/es\/kanapiu-seklos-kam-ir-kodel\/\">Kanapi\u0173 s\u0117klos: kam ir kod\u0117l?<\/a><\/p>","protected":false},"excerpt":{"rendered":"<div class=\"product-short-description\">\n<p>Una cucharada diaria de semillas de c\u00e1\u00f1amo sin c\u00e1scara: para dar sabor a la comida, obtener energ\u00eda extra y mantener una dieta equilibrada. El producto es rico en vitaminas y minerales.<\/p>\n<\/div>\n<form class=\"cart\" action=\"https:\/\/www.healthychoice.world\/products\/hulled-hemp-seeds-150g\/?v=c562607189d7\" enctype=\"multipart\/form-data\" method=\"post\">\n<div class=\"sticky-add-to-cart-wrapper\">\n<div class=\"sticky-add-to-cart\">\n<div class=\"quantity buttons_added\"><\/div>\n<\/div>\n<\/div>\n<\/form>","protected":false},"featured_media":2397,"template":"","meta":[],"product_brand":[],"product_cat":[31],"product_tag":[],"giftcard-category":[],"class_list":{"0":"post-74","1":"product","2":"type-product","3":"status-publish","4":"has-post-thumbnail","6":"product_cat-hemp-products","8":"first","9":"instock","10":"taxable","11":"shipping-taxable","12":"purchasable","13":"product-type-simple"},"aioseo_notices":[],"_links":{"self":[{"href":"https:\/\/healthy-choice.co.uk\/es\/wp-json\/wp\/v2\/product\/74","targetHints":{"allow":["GET"]}}],"collection":[{"href":"https:\/\/healthy-choice.co.uk\/es\/wp-json\/wp\/v2\/product"}],"about":[{"href":"https:\/\/healthy-choice.co.uk\/es\/wp-json\/wp\/v2\/types\/product"}],"wp:featuredmedia":[{"embeddable":true,"href":"https:\/\/healthy-choice.co.uk\/es\/wp-json\/wp\/v2\/media\/2397"}],"wp:attachment":[{"href":"https:\/\/healthy-choice.co.uk\/es\/wp-json\/wp\/v2\/media?parent=74"}],"wp:term":[{"taxonomy":"product_brand","embeddable":true,"href":"https:\/\/healthy-choice.co.uk\/es\/wp-json\/wp\/v2\/product_brand?post=74"},{"taxonomy":"product_cat","embeddable":true,"href":"https:\/\/healthy-choice.co.uk\/es\/wp-json\/wp\/v2\/product_cat?post=74"},{"taxonomy":"product_tag","embeddable":true,"href":"https:\/\/healthy-choice.co.uk\/es\/wp-json\/wp\/v2\/product_tag?post=74"},{"taxonomy":"giftcard-category","embeddable":true,"href":"https:\/\/healthy-choice.co.uk\/es\/wp-json\/wp\/v2\/giftcard-category?post=74"}],"curies":[{"name":"wp","href":"https:\/\/api.w.org\/{rel}","templated":true}]}}