{"id":487,"date":"2022-01-14T17:28:29","date_gmt":"2022-01-14T17:28:29","guid":{"rendered":"https:\/\/demo.creativethemes.com\/blocksy\/floreo\/?post_type=product&#038;p=487"},"modified":"2025-12-28T14:27:27","modified_gmt":"2025-12-28T12:27:27","slug":"melatonin-tryptophan-b6-120-tablets","status":"publish","type":"product","link":"https:\/\/healthy-choice.co.uk\/es\/producto\/melatonin-tryptophan-b6-120-tablets\/","title":{"rendered":"Melatonina + Tript\u00f3fano + B6 120 comprimidos"},"content":{"rendered":"<h2>Complemento alimenticio Melatonina + Tript\u00f3fano + B6 120 comprimidos<\/h2>\n<p>La melatonina ayuda a acortar el tiempo necesario para conciliar el sue\u00f1o. El L-tript\u00f3fano es un amino\u00e1cido esencial necesario para la producci\u00f3n de prote\u00ednas implicadas en la s\u00edntesis de melatonina y serotonina. La vitamina B6 contribuye al mantenimiento del metabolismo energ\u00e9tico normal, al funcionamiento normal del sistema nervioso, al metabolismo normal de la homociste\u00edna y al metabolismo normal de las prote\u00ednas y del gluc\u00f3geno.<\/p>\n<p>120 comprimidos<br \/>\nPeso neto: 32,4 g<\/p>\n<p><strong>COMPOSICI\u00d3N:<\/strong><br \/>\nagentes de carga: celulosa microcristalina, hidr\u00f3geno fosfato de calcio; L-tript\u00f3fano, sustancias reguladoras de la adherencia: estearato de magnesio, di\u00f3xido de silicio; clorhidrato de piridoxina, melatonina.<\/p>","protected":false},"excerpt":{"rendered":"<p>La melatonina contribuye a reducir el tiempo necesario para conciliar el sue\u00f1o. El L-tript\u00f3fano es un amino\u00e1cido esencial necesario para la producci\u00f3n de prote\u00ednas que intervienen en la s\u00edntesis de la melatonina y la serotonina. La vitamina B6 contribuye a mantener un metabolismo energ\u00e9tico normal, un funcionamiento normal del sistema nervioso, un metabolismo normal de la homociste\u00edna y un metabolismo normal de las prote\u00ednas y del gluc\u00f3geno.<\/p>","protected":false},"featured_media":2392,"template":"","meta":[],"product_brand":[],"product_cat":[30],"product_tag":[],"giftcard-category":[],"class_list":{"0":"post-487","1":"product","2":"type-product","3":"status-publish","4":"has-post-thumbnail","6":"product_cat-food-supplements","8":"first","9":"instock","10":"taxable","11":"shipping-taxable","12":"purchasable","13":"product-type-simple"},"aioseo_notices":[],"_links":{"self":[{"href":"https:\/\/healthy-choice.co.uk\/es\/wp-json\/wp\/v2\/product\/487","targetHints":{"allow":["GET"]}}],"collection":[{"href":"https:\/\/healthy-choice.co.uk\/es\/wp-json\/wp\/v2\/product"}],"about":[{"href":"https:\/\/healthy-choice.co.uk\/es\/wp-json\/wp\/v2\/types\/product"}],"wp:featuredmedia":[{"embeddable":true,"href":"https:\/\/healthy-choice.co.uk\/es\/wp-json\/wp\/v2\/media\/2392"}],"wp:attachment":[{"href":"https:\/\/healthy-choice.co.uk\/es\/wp-json\/wp\/v2\/media?parent=487"}],"wp:term":[{"taxonomy":"product_brand","embeddable":true,"href":"https:\/\/healthy-choice.co.uk\/es\/wp-json\/wp\/v2\/product_brand?post=487"},{"taxonomy":"product_cat","embeddable":true,"href":"https:\/\/healthy-choice.co.uk\/es\/wp-json\/wp\/v2\/product_cat?post=487"},{"taxonomy":"product_tag","embeddable":true,"href":"https:\/\/healthy-choice.co.uk\/es\/wp-json\/wp\/v2\/product_tag?post=487"},{"taxonomy":"giftcard-category","embeddable":true,"href":"https:\/\/healthy-choice.co.uk\/es\/wp-json\/wp\/v2\/giftcard-category?post=487"}],"curies":[{"name":"wp","href":"https:\/\/api.w.org\/{rel}","templated":true}]}}