{"id":485,"date":"2022-01-14T17:27:26","date_gmt":"2022-01-14T17:27:26","guid":{"rendered":"https:\/\/demo.creativethemes.com\/blocksy\/floreo\/?post_type=product&#038;p=485"},"modified":"2025-12-28T14:33:06","modified_gmt":"2025-12-28T12:33:06","slug":"vitamins-d3-4000iu-with-olive-oil-healthy-choice-120-capsules","status":"publish","type":"product","link":"https:\/\/healthy-choice.co.uk\/es\/producto\/vitamins-d3-4000iu-with-olive-oil-healthy-choice-120-capsules\/","title":{"rendered":"Vitaminas D3 4000IU con aceite de oliva \"Healthy Choice\" 120 c\u00e1psulas"},"content":{"rendered":"","protected":false},"excerpt":{"rendered":"<p>La vitamina D contribuye al funcionamiento normal del sistema inmunitario, al estado de los huesos y los dientes, a la funci\u00f3n muscular, a la absorci\u00f3n y\/o asimilaci\u00f3n del calcio y el f\u00f3sforo y a la concentraci\u00f3n de calcio en la sangre. La vitamina D interviene en la divisi\u00f3n celular.<\/p>","protected":false},"featured_media":2393,"template":"","meta":[],"product_brand":[],"product_cat":[30],"product_tag":[],"giftcard-category":[],"class_list":{"0":"post-485","1":"product","2":"type-product","3":"status-publish","4":"has-post-thumbnail","6":"product_cat-food-supplements","8":"first","9":"instock","10":"taxable","11":"shipping-taxable","12":"purchasable","13":"product-type-simple"},"aioseo_notices":[],"_links":{"self":[{"href":"https:\/\/healthy-choice.co.uk\/es\/wp-json\/wp\/v2\/product\/485","targetHints":{"allow":["GET"]}}],"collection":[{"href":"https:\/\/healthy-choice.co.uk\/es\/wp-json\/wp\/v2\/product"}],"about":[{"href":"https:\/\/healthy-choice.co.uk\/es\/wp-json\/wp\/v2\/types\/product"}],"wp:featuredmedia":[{"embeddable":true,"href":"https:\/\/healthy-choice.co.uk\/es\/wp-json\/wp\/v2\/media\/2393"}],"wp:attachment":[{"href":"https:\/\/healthy-choice.co.uk\/es\/wp-json\/wp\/v2\/media?parent=485"}],"wp:term":[{"taxonomy":"product_brand","embeddable":true,"href":"https:\/\/healthy-choice.co.uk\/es\/wp-json\/wp\/v2\/product_brand?post=485"},{"taxonomy":"product_cat","embeddable":true,"href":"https:\/\/healthy-choice.co.uk\/es\/wp-json\/wp\/v2\/product_cat?post=485"},{"taxonomy":"product_tag","embeddable":true,"href":"https:\/\/healthy-choice.co.uk\/es\/wp-json\/wp\/v2\/product_tag?post=485"},{"taxonomy":"giftcard-category","embeddable":true,"href":"https:\/\/healthy-choice.co.uk\/es\/wp-json\/wp\/v2\/giftcard-category?post=485"}],"curies":[{"name":"wp","href":"https:\/\/api.w.org\/{rel}","templated":true}]}}