{"id":483,"date":"2022-01-14T17:22:03","date_gmt":"2022-01-14T17:22:03","guid":{"rendered":"https:\/\/demo.creativethemes.com\/blocksy\/floreo\/?post_type=product&#038;p=483"},"modified":"2025-12-28T14:34:00","modified_gmt":"2025-12-28T12:34:00","slug":"omega-3-fish-oil-healthy-choice-120-capsules","status":"publish","type":"product","link":"https:\/\/healthy-choice.co.uk\/es\/producto\/omega-3-fish-oil-healthy-choice-120-capsules\/","title":{"rendered":"Omega-3 aceite de pescado \"Healthy Choice\" 120 c\u00e1psulas"},"content":{"rendered":"<p><strong>Omega-3<\/strong><\/p>\n<p><strong>Aceite de pescado 1000 mg<\/strong><\/p>\n<p><strong>500 mg de EPR y 250 mg de DHA TG<\/strong><\/p>\n<p><strong>(Suplemento)<\/strong><\/p>\n<p>Contenido neto: 160,8 g \/ 90 c\u00e1psulas blandas<\/p>\n<p>Healthy Choice Omega-3 Aceite de Pescado 1000mg 500mg EPR &amp; 250mg DHA TG. El paquete es suficiente para un curso de 3 meses de uso.<\/p>\n<p>Los omega-3 son \u00e1cidos grasos poliinsaturados, tambi\u00e9n conocidos como grasas buenas. Se trata de un \u00e1cido graso esencial que el organismo no puede producir por s\u00ed mismo. Es necesario para que nuestro organismo produzca diversos compuestos biol\u00f3gicamente activos. El omega-3 puede obtenerse de los alimentos, normalmente en el aceite de pescado, pero puede ser dif\u00edcil obtener suficiente de lo que se come. Los \u00e1cidos grasos poliinsaturados como el \u00e1cido eicosapentaenoico (EPA) y el \u00e1cido docosahexaenoico (DHA) se extraen de pescados como la caballa, el salm\u00f3n, el at\u00fan, etc. Estos \u00e1cidos grasos ayudan a mantener el funcionamiento normal del coraz\u00f3n. Se produce un efecto positivo con el consumo diario de 250 mg de EPA y DHA.<\/p>\n<p>Omega-3 aceite de pescado 1000 mg c\u00e1psulas blandas contienen omega-3 rico en los \u00e1cidos grasos insaturados EPR (\u00e1cido eicosapentaenoico) y DHA (\u00e1cido docosahexaenoico).<\/p>\n<p>DHA - \u00e1cido docosahexaenoico<\/p>\n<p>Contiene \u00e1cido graso omega-3 de cadena larga, importante para el desarrollo cerebral, ocular y general, ayuda a mantener el funcionamiento normal del coraz\u00f3n. No ingerir suficiente cantidad de este \u00e1cido puede causar problemas de visi\u00f3n.<\/p>\n<p>EPR: \u00e1cido eicosapentaenoico<\/p>\n<p>Contiene \u00e1cido graso omega-3 de cadena larga, importante para la salud en general, ayuda a mantener el funcionamiento normal del coraz\u00f3n.<\/p>","protected":false},"excerpt":{"rendered":"<div class=\"product-short-description\">\n<p>Healthy Choice Omega-3 Aceite de Pescado 1000mg 500mg EPR &amp; 250mg DHA TG.<\/p>\n<p>El envase es suficiente para 3 meses de uso.<\/p>\n<\/div>\n<p>&nbsp;<\/p>","protected":false},"featured_media":2394,"template":"","meta":[],"product_brand":[],"product_cat":[30],"product_tag":[],"giftcard-category":[],"class_list":{"0":"post-483","1":"product","2":"type-product","3":"status-publish","4":"has-post-thumbnail","6":"product_cat-food-supplements","8":"first","9":"instock","10":"taxable","11":"shipping-taxable","12":"purchasable","13":"product-type-simple"},"aioseo_notices":[],"_links":{"self":[{"href":"https:\/\/healthy-choice.co.uk\/es\/wp-json\/wp\/v2\/product\/483","targetHints":{"allow":["GET"]}}],"collection":[{"href":"https:\/\/healthy-choice.co.uk\/es\/wp-json\/wp\/v2\/product"}],"about":[{"href":"https:\/\/healthy-choice.co.uk\/es\/wp-json\/wp\/v2\/types\/product"}],"wp:featuredmedia":[{"embeddable":true,"href":"https:\/\/healthy-choice.co.uk\/es\/wp-json\/wp\/v2\/media\/2394"}],"wp:attachment":[{"href":"https:\/\/healthy-choice.co.uk\/es\/wp-json\/wp\/v2\/media?parent=483"}],"wp:term":[{"taxonomy":"product_brand","embeddable":true,"href":"https:\/\/healthy-choice.co.uk\/es\/wp-json\/wp\/v2\/product_brand?post=483"},{"taxonomy":"product_cat","embeddable":true,"href":"https:\/\/healthy-choice.co.uk\/es\/wp-json\/wp\/v2\/product_cat?post=483"},{"taxonomy":"product_tag","embeddable":true,"href":"https:\/\/healthy-choice.co.uk\/es\/wp-json\/wp\/v2\/product_tag?post=483"},{"taxonomy":"giftcard-category","embeddable":true,"href":"https:\/\/healthy-choice.co.uk\/es\/wp-json\/wp\/v2\/giftcard-category?post=483"}],"curies":[{"name":"wp","href":"https:\/\/api.w.org\/{rel}","templated":true}]}}