{"id":481,"date":"2022-01-14T17:21:10","date_gmt":"2022-01-14T17:21:10","guid":{"rendered":"https:\/\/demo.creativethemes.com\/blocksy\/floreo\/?post_type=product&#038;p=481"},"modified":"2025-12-28T14:22:28","modified_gmt":"2025-12-28T12:22:28","slug":"multivitamins-and-minerals-healthy-choice-90-tablets","status":"publish","type":"product","link":"https:\/\/healthy-choice.co.uk\/es\/producto\/multivitamins-and-minerals-healthy-choice-90-tablets\/","title":{"rendered":"Multivitaminas y minerales \"Healthy Choice\" 90 comprimidos"},"content":{"rendered":"<p>El zinc, el hierro, el selenio, el cobre, la vitamina A, la vitamina D, la vitamina B6 y la vitamina B12 contribuyen al funcionamiento normal del sistema inmunitario.<\/p>\n<p>La vitamina C ayuda a mantener el funcionamiento normal del sistema inmunitario durante y despu\u00e9s de un esfuerzo f\u00edsico intenso.<\/p>\n<p>La biotina, la niacina, el magnesio, las vitaminas B6 y B12 y la vitamina C contribuyen a mantener una funci\u00f3n psicol\u00f3gica normal.<\/p>\n<p>La biotina, el zinc y el cromo contribuyen a mantener el metabolismo normal de los macronutrientes de los alimentos.<\/p>\n<p>Uno de los m\u00e1s importantes para nuestro organismo es el Zinc, que contribuye a mantener el metabolismo \u00e1cido-base normal, el metabolismo de los hidratos de carbono, el metabolismo de los \u00e1cidos grasos, la s\u00edntesis del ADN, el metabolismo de la vitamina A, la concentraci\u00f3n de testosterona en la sangre, la fertilidad y la reproducci\u00f3n.<\/p>\n<p>El metabolismo energ\u00e9tico normal se ve favorecido por la biotina, el hierro, el calcio, la niacina, el magnesio, el manganeso, el yodo, el cobre y el \u00e1cido pantot\u00e9nico, la vitamina B2, la vitamina B6, la vitamina B12 y la vitamina C.<\/p>\n<p>La vitamina B2 y la vitamina A contribuyen a mantener el metabolismo normal del hierro, y la vitamina C mejora su absorci\u00f3n. El cobre contribuye al transporte normal del hierro en el organismo.<\/p>\n<p>La biotina, la niacina, la vitamina A y la vitamina B2 contribuyen a mantener el estado normal de las mucosas.<\/p>\n<p>El hierro, la niacina, el magnesio y el \u00e1cido pantot\u00e9nico, la vitamina B2, la vitamina B6, la vitamina B12 y la vitamina C contribuyen a reducir el cansancio y la fatiga.<\/p>\n<p>&nbsp;<\/p>\n<p>C\u00e9lulas: Ayuda a proteger las c\u00e9lulas del da\u00f1o oxidativo Zinc, Manganeso, Selenio, Vitamina B2, Vitamina C, Vitamina E. Tambi\u00e9n Zinc, Hierro, Magnesio, Cobre, Vitamina B12, Vitamina D tiene cierta funci\u00f3n en el proceso de divisi\u00f3n celular.<\/p>\n<p>El calcio, la vitamina A tiene una funci\u00f3n determinada en los procesos de divisi\u00f3n y especializaci\u00f3n celular.<\/p>\n<p>El hierro, el yodo y el zinc contribuyen a una funci\u00f3n cognitiva normal<\/p>\n<p>Sangre: El cromo ayuda a mantener niveles normales de glucosa en sangre.<\/p>\n<p>El hierro ayuda a mantener la formaci\u00f3n normal de gl\u00f3bulos rojos y hemoglobina, el transporte de ox\u00edgeno en el cuerpo. La riboflavina (vitamina B2) ayuda a mantener el estado normal de los gl\u00f3bulos rojos. Las vitaminas B6 y B12 ayudan a mantener la formaci\u00f3n normal de gl\u00f3bulos rojos. El calcio y la vitamina K ayudan a mantener la coagulaci\u00f3n normal de la sangre.<\/p>\n<p>M\u00fasculos: El calcio ayuda a mantener la funci\u00f3n muscular normal. El magnesio y la vitamina D ayudan a mantener la funci\u00f3n muscular normal.<\/p>\n<p>Prote\u00ednas: El Zinc y el Magnesio ayudan a mantener la s\u00edntesis proteica normal. La vitamina B6 ayuda a mantener el metabolismo normal de prote\u00ednas y gluc\u00f3geno.<\/p>\n<p>Visi\u00f3n: El zinc, la vitamina A y la riboflavina (vitamina B2) ayudan a mantener una visi\u00f3n normal.<\/p>\n<p>Hormonas: La vitamina B6 ayuda a regular la actividad hormonal. El \u00e1cido pantot\u00e9nico contribuye a mantener la actividad normal de las hormonas esteroideas. El yodo contribuye a mantener la producci\u00f3n normal de hormonas tiroideas.<\/p>\n<p>Funci\u00f3n tiroidea: El selenio y el yodo ayudan a mantener la funci\u00f3n tiroidea normal.<\/p>\n<p>&nbsp;<\/p>\n<p>Huesos: El zinc, el calcio, el magnesio, el manganeso, la vitamina D y la vitamina K ayudan a mantener el estado normal de los huesos.<\/p>\n<p>La vitamina C contribuye a la formaci\u00f3n normal de col\u00e1geno, necesario para el funcionamiento normal de los huesos.<\/p>\n<p>El calcio y el magnesio son necesarios para mantener el estado normal de los dientes. La vitamina D ayuda a mantener el estado normal de los dientes.<\/p>\n<p>La vitamina C contribuye a la formaci\u00f3n normal de col\u00e1geno, necesario para el funcionamiento normal de las enc\u00edas.<\/p>\n<p>La vitamina C contribuye a la formaci\u00f3n normal de col\u00e1geno, necesario para el funcionamiento normal de los dientes.<\/p>\n<p>La vitamina C contribuye a la formaci\u00f3n normal de col\u00e1geno, necesario para el funcionamiento normal de los vasos sangu\u00edneos.<\/p>\n<p>La vitamina C contribuye a la formaci\u00f3n normal de col\u00e1geno, necesario para el funcionamiento normal del cart\u00edlago.<\/p>\n<p>U\u00f1as: El zinc y el selenio ayudan a mantener el estado normal de las u\u00f1as.<\/p>\n<p>Cabello: La biotina, el zinc y el selenio ayudan a mantener el estado normal del cabello. El cobre ayuda a mantener la pigmentaci\u00f3n normal del cabello<\/p>\n<p>Piel: La biotina, el zinc, la niacina, el yodo, la vitamina A y la riboflavina (vitamina B2) ayudan a mantener el buen estado de la piel. La vitamina C contribuye a la producci\u00f3n normal de col\u00e1geno, necesario para el funcionamiento normal de la piel. El cobre ayuda a mantener la pigmentaci\u00f3n normal de la piel.<\/p>\n<p>Sistema nervioso: La biotina, el yodo, la niacina, el magnesio, el cobre, la vitamina B2, la vitamina B6, la vitamina B12 y la vitamina C contribuyen al funcionamiento normal del sistema nervioso. El calcio contribuye a mantener la transmisi\u00f3n normal de los impulsos nerviosos y el funcionamiento de las enzimas digestivas.<\/p>\n<p>El magnesio ayuda a mantener el equilibrio electrol\u00edtico.<\/p>\n<p>El manganeso y el cobre contribuyen a la formaci\u00f3n normal del tejido conjuntivo.<\/p>\n<p>El molibdeno ayuda a mantener el metabolismo normal de los amino\u00e1cidos que contienen azufre.<\/p>\n<p>El \u00e1cido pantot\u00e9nico contribuye a mantener la s\u00edntesis y el metabolismo normales de la vitamina D y de algunos neurotransmisores.<\/p>\n<p>El \u00e1cido pantot\u00e9nico ayuda a mantener una actividad mental normal.<\/p>\n<p>El selenio contribuye a mantener una espermatog\u00e9nesis normal.<\/p>\n<p>La vitamina C ayuda a restablecer la vitamina E reducida<\/p>\n<p>La vitamina D contribuye a mantener una absorci\u00f3n y\/o absorci\u00f3n normal del calcio y el f\u00f3sforo<\/p>\n<p>La vitamina D contribuye a mantener niveles normales de calcio en la sangre<\/p>\n<p>Las vitaminas B6 y B12 ayudan a mantener un metabolismo normal de la homociste\u00edna<\/p>\n<p>La vitamina B6 ayuda a mantener la s\u00edntesis normal de ciste\u00edna<\/p>","protected":false},"excerpt":{"rendered":"<div class=\"product-short-description\">\n<p>El complejo multivitam\u00ednico y mineral \"Healthy Choice\" est\u00e1 creado seg\u00fan una f\u00f3rmula especial. El paquete es suficiente para un curso de 3 meses de uso.<\/p>\n<\/div>\n<form class=\"cart\" action=\"https:\/\/www.healthychoice.world\/products\/multivitamins-and-minerals-healthy-choice-90-tablets\/\" enctype=\"multipart\/form-data\" method=\"post\">\n<div class=\"sticky-add-to-cart-wrapper\">\n<div class=\"sticky-add-to-cart\">\n<div class=\"quantity buttons_added\"><\/div>\n<\/div>\n<\/div>\n<\/form>","protected":false},"featured_media":2395,"template":"","meta":[],"product_brand":[],"product_cat":[30],"product_tag":[],"giftcard-category":[],"class_list":{"0":"post-481","1":"product","2":"type-product","3":"status-publish","4":"has-post-thumbnail","6":"product_cat-food-supplements","8":"first","9":"instock","10":"taxable","11":"shipping-taxable","12":"purchasable","13":"product-type-simple"},"aioseo_notices":[],"_links":{"self":[{"href":"https:\/\/healthy-choice.co.uk\/es\/wp-json\/wp\/v2\/product\/481","targetHints":{"allow":["GET"]}}],"collection":[{"href":"https:\/\/healthy-choice.co.uk\/es\/wp-json\/wp\/v2\/product"}],"about":[{"href":"https:\/\/healthy-choice.co.uk\/es\/wp-json\/wp\/v2\/types\/product"}],"wp:featuredmedia":[{"embeddable":true,"href":"https:\/\/healthy-choice.co.uk\/es\/wp-json\/wp\/v2\/media\/2395"}],"wp:attachment":[{"href":"https:\/\/healthy-choice.co.uk\/es\/wp-json\/wp\/v2\/media?parent=481"}],"wp:term":[{"taxonomy":"product_brand","embeddable":true,"href":"https:\/\/healthy-choice.co.uk\/es\/wp-json\/wp\/v2\/product_brand?post=481"},{"taxonomy":"product_cat","embeddable":true,"href":"https:\/\/healthy-choice.co.uk\/es\/wp-json\/wp\/v2\/product_cat?post=481"},{"taxonomy":"product_tag","embeddable":true,"href":"https:\/\/healthy-choice.co.uk\/es\/wp-json\/wp\/v2\/product_tag?post=481"},{"taxonomy":"giftcard-category","embeddable":true,"href":"https:\/\/healthy-choice.co.uk\/es\/wp-json\/wp\/v2\/giftcard-category?post=481"}],"curies":[{"name":"wp","href":"https:\/\/api.w.org\/{rel}","templated":true}]}}