{"id":249,"date":"2023-07-07T05:45:32","date_gmt":"2023-07-07T02:45:32","guid":{"rendered":"https:\/\/demo.creativethemes.com\/blocksy\/floreo\/?post_type=product&#038;p=249"},"modified":"2025-12-28T14:31:14","modified_gmt":"2025-12-28T12:31:14","slug":"l-carnitine-orange-flavor-1000ml","status":"publish","type":"product","link":"https:\/\/healthy-choice.co.uk\/es\/producto\/l-carnitine-orange-flavor-1000ml\/","title":{"rendered":"L-Carnitina sabor naranja, 1000ml"},"content":{"rendered":"<p><strong>L-CARNITINA SABOR NARANJA<\/strong><\/p>\n<p>Cantidad neta 1000 ml<\/p>\n<p>La L-carnitina es un compuesto vitam\u00ednico y amino\u00e1cido comparable a las vitaminas del grupo B. Esta sustancia funciona como transportador de \u00e1cidos grasos a la mitocondria. La L-carnitina act\u00faa como un asistente para ayudarle a quemar grasa m\u00e1s r\u00e1pidamente y a perder peso de forma natural. Adem\u00e1s, estudios recientes demuestran que la L-carnitina ayuda a reducir la fatiga, el peso corporal y aumentar la masa muscular, estabiliza los niveles de az\u00facar en sangre y al mismo tiempo reduce la necesidad de hidratos de carbono. La carnitina ayuda a movilizar las reservas de grasa, especialmente en personas con sobrepeso.<\/p>\n<p>La L-carnitina tiene un sabor a naranja particularmente delicioso, sin colorantes sint\u00e9ticos ni potenciadores del sabor, elaborado conservando todas las sustancias m\u00e1s importantes que tienen un efecto positivo en el cuerpo humano. Es extremadamente importante que esta L-carnitina est\u00e9 en forma l\u00edquida, para que el cuerpo la absorba mucho m\u00e1s r\u00e1pida y f\u00e1cilmente. Este suplemento contiene una cantidad particularmente grande de carnitina, una porci\u00f3n (25ml) contiene tanto como 1667mg, y 100ml - 6668mg.<\/p>","protected":false},"excerpt":{"rendered":"<p>La L-carnitina es un compuesto vitam\u00ednico y amino\u00e1cido comparable a las vitaminas del grupo B. Esta sustancia funciona como transportador de \u00e1cidos grasos a la mitocondria. La L-carnitina act\u00faa como un asistente para ayudarle a quemar grasa m\u00e1s r\u00e1pido y perder peso de forma natural.<\/p>","protected":false},"featured_media":2389,"template":"","meta":[],"product_brand":[],"product_cat":[28],"product_tag":[43],"giftcard-category":[],"class_list":{"0":"post-249","1":"product","2":"type-product","3":"status-publish","4":"has-post-thumbnail","6":"product_cat-top","7":"product_tag-l-carnitine-or-collagen-gift","9":"first","10":"instock","11":"sale","12":"taxable","13":"shipping-taxable","14":"purchasable","15":"product-type-simple"},"aioseo_notices":[],"_links":{"self":[{"href":"https:\/\/healthy-choice.co.uk\/es\/wp-json\/wp\/v2\/product\/249","targetHints":{"allow":["GET"]}}],"collection":[{"href":"https:\/\/healthy-choice.co.uk\/es\/wp-json\/wp\/v2\/product"}],"about":[{"href":"https:\/\/healthy-choice.co.uk\/es\/wp-json\/wp\/v2\/types\/product"}],"wp:featuredmedia":[{"embeddable":true,"href":"https:\/\/healthy-choice.co.uk\/es\/wp-json\/wp\/v2\/media\/2389"}],"wp:attachment":[{"href":"https:\/\/healthy-choice.co.uk\/es\/wp-json\/wp\/v2\/media?parent=249"}],"wp:term":[{"taxonomy":"product_brand","embeddable":true,"href":"https:\/\/healthy-choice.co.uk\/es\/wp-json\/wp\/v2\/product_brand?post=249"},{"taxonomy":"product_cat","embeddable":true,"href":"https:\/\/healthy-choice.co.uk\/es\/wp-json\/wp\/v2\/product_cat?post=249"},{"taxonomy":"product_tag","embeddable":true,"href":"https:\/\/healthy-choice.co.uk\/es\/wp-json\/wp\/v2\/product_tag?post=249"},{"taxonomy":"giftcard-category","embeddable":true,"href":"https:\/\/healthy-choice.co.uk\/es\/wp-json\/wp\/v2\/giftcard-category?post=249"}],"curies":[{"name":"wp","href":"https:\/\/api.w.org\/{rel}","templated":true}]}}