{"id":2180,"date":"2022-01-15T10:45:53","date_gmt":"2022-01-15T08:45:53","guid":{"rendered":"https:\/\/healthy-choice.co.uk\/?post_type=product&#038;p=2180"},"modified":"2025-10-01T00:10:51","modified_gmt":"2025-09-30T21:10:51","slug":"beauty-vitamins-healthy-choice-60-tablets","status":"publish","type":"product","link":"https:\/\/healthy-choice.co.uk\/es\/producto\/beauty-vitamins-healthy-choice-60-tablets\/","title":{"rendered":"Vitaminas de belleza \"Healthy Choice\" 60 comprimidos"},"content":{"rendered":"<p>El selenio es un oligoelemento muy importante, muy valorado por sus efectos antioxidantes y su supuesta capacidad para frenar el envejecimiento prematuro. El zinc, el selenio, el yodo y las vitaminas A, B2 y B3, junto con la biotina, constituyen una excelente combinaci\u00f3n para mantener el estado normal del cabello, las u\u00f1as y la piel. La colina y la beta\u00edna estimulan el metabolismo, limitan la acumulaci\u00f3n de grasa en el h\u00edgado. El hierro contribuye al transporte normal de ox\u00edgeno en el organismo. El magnesio contribuye a las reacciones bioqu\u00edmicas, aumenta la resistencia, ayuda a superar la depresi\u00f3n y los cambios de humor. El f\u00f3sforo contribuye a mantener el funcionamiento normal de las c\u00e9lulas. La vitamina B6, junto con otras vitaminas del grupo B, as\u00ed como el magnesio y el zinc, mejora el funcionamiento del cerebro y el sistema nervioso, ayuda a controlar las alergias, es importante para la producci\u00f3n de energ\u00eda en las c\u00e9lulas y es importante para proteger al organismo de las infecciones.<\/p>\n<p>El zinc, el hierro, el selenio, la vitamina A, la vitamina D, la vitamina B6 y la vitamina B12 contribuyen al funcionamiento normal del sistema inmunitario.<\/p>\n<p>La vitamina C ayuda a mantener el funcionamiento normal del sistema inmunitario durante y despu\u00e9s de un esfuerzo f\u00edsico intenso.<\/p>\n<p>La biotina, el magnesio, las vitaminas B6 y B12 y la vitamina C contribuyen a mantener una funci\u00f3n psicol\u00f3gica normal.<\/p>\n<p>La biotina y el zinc contribuyen a mantener el metabolismo normal de los macronutrientes de los alimentos.<\/p>\n<p>Uno de los m\u00e1s importantes para nuestro organismo es el Zinc, que contribuye a mantener el metabolismo \u00e1cido-base normal, el metabolismo de los hidratos de carbono, el metabolismo de los \u00e1cidos grasos, la s\u00edntesis del ADN, el metabolismo de la vitamina A, la concentraci\u00f3n de testosterona en la sangre, la fertilidad y la reproducci\u00f3n.<\/p>\n<p>La biotina, el hierro, el f\u00f3sforo, el calcio, el magnesio, el manganeso, el yodo, la vitamina B2, la vitamina B6, la vitamina B12 y la vitamina C contribuyen al metabolismo energ\u00e9tico normal.<\/p>\n<p>La vitamina B2 y la vitamina A contribuyen a mantener el metabolismo normal del hierro, y la vitamina C mejora su absorci\u00f3n.<\/p>\n<p>La biotina, la vitamina A y la vitamina B2 ayudan a mantener el estado normal de las mucosas.<\/p>\n<p>El hierro, el magnesio y el \u00e1cido pantot\u00e9nico, la vitamina B2, la vitamina B6, la vitamina B12 y la vitamina C contribuyen a reducir la sensaci\u00f3n de cansancio y fatiga.<\/p>\n<p>C\u00e9lulas: Ayuda a proteger las c\u00e9lulas del da\u00f1o oxidativo Zinc, Manganeso, Selenio, Vitamina B2, Vitamina C, Vitamina E. Tambi\u00e9n Zinc, Hierro, Magnesio, Vitamina B12, Vitamina D tiene cierta funci\u00f3n en el proceso de divisi\u00f3n celular.<\/p>\n<p>El calcio, la vitamina A tiene una funci\u00f3n determinada en los procesos de divisi\u00f3n y especializaci\u00f3n celular.<\/p>\n<p>El hierro, el yodo y el zinc contribuyen a una funci\u00f3n cognitiva normal<\/p>\n<p>La sangre: El hierro ayuda a mantener la formaci\u00f3n normal de gl\u00f3bulos rojos y hemoglobina, transporte de ox\u00edgeno en el cuerpo. La riboflavina (vitamina B2) ayuda a mantener el estado normal de los gl\u00f3bulos rojos. Las vitaminas B6 y B12 ayudan a mantener la formaci\u00f3n normal de gl\u00f3bulos rojos. El calcio y la vitamina K ayudan a mantener la coagulaci\u00f3n normal de la sangre.<\/p>\n<p>M\u00fasculos: El calcio ayuda a mantener la funci\u00f3n muscular normal. El magnesio y la vitamina D ayudan a mantener la funci\u00f3n muscular normal.<\/p>\n<p>Prote\u00ednas: El Zinc y el Magnesio ayudan a mantener la s\u00edntesis proteica normal. La vitamina B6 ayuda a mantener el metabolismo normal de prote\u00ednas y gluc\u00f3geno.<\/p>\n<p>Visi\u00f3n: El zinc, la vitamina A y la riboflavina (vitamina B2) ayudan a mantener una visi\u00f3n normal.<\/p>\n<p>Hormonas: La vitamina B6 ayuda a regular la actividad hormonal. El \u00e1cido pantot\u00e9nico contribuye a mantener la actividad normal de las hormonas esteroideas. El yodo contribuye a mantener la producci\u00f3n normal de hormonas tiroideas.<\/p>\n<p>Funci\u00f3n tiroidea: El selenio y el yodo ayudan a mantener la funci\u00f3n tiroidea normal.<\/p>\n<p>Huesos: Zinc, F\u00f3sforo, Calcio, Magnesio, Manganeso, Vitamina D son necesarios para mantener el estado normal de los huesos.<\/p>\n<p>La vitamina C contribuye a la formaci\u00f3n normal de col\u00e1geno, necesario para el funcionamiento normal de los huesos.<\/p>\n<p>El f\u00f3sforo y la vitamina D ayudan a mantener el estado normal de los dientes.<\/p>\n<p>La vitamina C contribuye a la formaci\u00f3n normal de col\u00e1geno, necesario para el funcionamiento normal de las enc\u00edas.<\/p>\n<p>La vitamina C contribuye a la formaci\u00f3n normal de col\u00e1geno, necesario para el funcionamiento normal de los dientes.<\/p>\n<p>La vitamina C contribuye a la formaci\u00f3n normal de col\u00e1geno, necesario para el funcionamiento normal de los vasos sangu\u00edneos.<\/p>\n<p>La vitamina C contribuye a la formaci\u00f3n normal de col\u00e1geno, necesario para el funcionamiento normal del cart\u00edlago.<\/p>\n<p>U\u00f1as: El zinc y el selenio ayudan a mantener el estado normal de las u\u00f1as.<\/p>\n<p>Cabello: La biotina, el zinc y el selenio ayudan a mantener el estado normal del cabello.<\/p>\n<p>Piel: La biotina, el zinc, el yodo, la vitamina A y la riboflavina (vitamina B2) ayudan a mantener el buen estado de la piel. La vitamina C contribuye a la producci\u00f3n normal de col\u00e1geno, necesario para el funcionamiento normal de la piel.<\/p>\n<p>Sistema nervioso: La biotina, el yodo, el magnesio, la vitamina B2, la vitamina B6, la vitamina B12 y la vitamina C contribuyen al funcionamiento normal del sistema nervioso. El calcio contribuye a mantener la transmisi\u00f3n normal de los impulsos nerviosos y el funcionamiento de las enzimas digestivas.<\/p>\n<p>La colina ayuda a mantener el funcionamiento normal del h\u00edgado.<\/p>\n<p>La colina ayuda a mantener el metabolismo normal de los l\u00edpidos.<\/p>\n<p>El f\u00f3sforo ayuda a mantener el funcionamiento normal de las membranas celulares.<\/p>\n<p>El magnesio ayuda a mantener el equilibrio electrol\u00edtico.<\/p>\n<p>El manganeso contribuye a la formaci\u00f3n normal del tejido conjuntivo.<\/p>\n<p>El selenio contribuye a mantener una espermatog\u00e9nesis normal.<\/p>\n<p>La vitamina C ayuda a restablecer la vitamina E reducida<\/p>\n<p>La vitamina D contribuye a mantener una absorci\u00f3n y\/o absorci\u00f3n normal del calcio y el f\u00f3sforo.<\/p>\n<p>La vitamina D contribuye a mantener niveles normales de calcio en la sangre.<\/p>\n<p>La colina y las vitaminas B6 y B12 contribuyen a mantener un metabolismo normal de la homociste\u00edna.<\/p>\n<p>La vitamina B6 contribuye a mantener la s\u00edntesis normal de ciste\u00edna.<\/p>\n<pre id=\"tw-target-text\" class=\"tw-data-text tw-text-large tw-ta\" dir=\"ltr\" data-placeholder=\"Vertimas\"><\/pre>","protected":false},"excerpt":{"rendered":"<p>El complejo vitam\u00ednico de belleza \"Healthy Choice\" est\u00e1 creado seg\u00fan una f\u00f3rmula especial para la piel, el cabello y las u\u00f1as.<\/p>\n<p>Contenido neto: 97,82 g \/ 60 comprimidos.<\/p>","protected":false},"featured_media":2391,"template":"","meta":[],"product_brand":[],"product_cat":[30,28],"product_tag":[],"giftcard-category":[],"class_list":{"0":"post-2180","1":"product","2":"type-product","3":"status-publish","4":"has-post-thumbnail","6":"product_cat-food-supplements","7":"product_cat-top","9":"first","10":"instock","11":"taxable","12":"shipping-taxable","13":"purchasable","14":"product-type-simple"},"aioseo_notices":[],"_links":{"self":[{"href":"https:\/\/healthy-choice.co.uk\/es\/wp-json\/wp\/v2\/product\/2180","targetHints":{"allow":["GET"]}}],"collection":[{"href":"https:\/\/healthy-choice.co.uk\/es\/wp-json\/wp\/v2\/product"}],"about":[{"href":"https:\/\/healthy-choice.co.uk\/es\/wp-json\/wp\/v2\/types\/product"}],"wp:featuredmedia":[{"embeddable":true,"href":"https:\/\/healthy-choice.co.uk\/es\/wp-json\/wp\/v2\/media\/2391"}],"wp:attachment":[{"href":"https:\/\/healthy-choice.co.uk\/es\/wp-json\/wp\/v2\/media?parent=2180"}],"wp:term":[{"taxonomy":"product_brand","embeddable":true,"href":"https:\/\/healthy-choice.co.uk\/es\/wp-json\/wp\/v2\/product_brand?post=2180"},{"taxonomy":"product_cat","embeddable":true,"href":"https:\/\/healthy-choice.co.uk\/es\/wp-json\/wp\/v2\/product_cat?post=2180"},{"taxonomy":"product_tag","embeddable":true,"href":"https:\/\/healthy-choice.co.uk\/es\/wp-json\/wp\/v2\/product_tag?post=2180"},{"taxonomy":"giftcard-category","embeddable":true,"href":"https:\/\/healthy-choice.co.uk\/es\/wp-json\/wp\/v2\/giftcard-category?post=2180"}],"curies":[{"name":"wp","href":"https:\/\/api.w.org\/{rel}","templated":true}]}}