{"id":1626,"date":"2023-07-07T05:55:33","date_gmt":"2023-07-07T05:55:33","guid":{"rendered":"https:\/\/healthy-choice.co.uk\/?post_type=product&#038;p=1626"},"modified":"2025-12-28T14:25:59","modified_gmt":"2025-12-28T12:25:59","slug":"set-peanut-spread-healthy-choice-1000g-almond-spread-healthy-choice-with-pieces-250g","status":"publish","type":"product","link":"https:\/\/healthy-choice.co.uk\/es\/producto\/set-peanut-spread-healthy-choice-1000g-almond-spread-healthy-choice-with-pieces-250g\/","title":{"rendered":"Set: peanut spread \u201cHealthy Choice\u201d 1000g + almond spread \u201cHealthy Choice\u201d with pieces 250 g"},"content":{"rendered":"","protected":false},"excerpt":{"rendered":"<p>Healthy Choice Peanut Spread se presenta en dos sabores, crema y trozos, con prote\u00ednas vegetales, grasas insaturadas, fibra e hidratos de carbono de alta calidad. Formulado para mantener un alto valor biol\u00f3gico (VB). Se trata de un producto de calidad que puede consumirse varias veces al d\u00eda.<\/p>\n<p>Almendra para untar \"Healthy Choice\" con trozos 250g de consistencia excepcional, almendra para untar con trozos, elaborada a partir de almendras naturales de la m\u00e1s alta calidad, sin utilizar ning\u00fan tipo de aditivos sint\u00e9ticos, potenciadores del sabor, grasas y colorantes.<\/p>","protected":false},"featured_media":1627,"template":"","meta":[],"product_brand":[],"product_cat":[40,27,25],"product_tag":[],"giftcard-category":[],"class_list":{"0":"post-1626","1":"product","2":"type-product","3":"status-publish","4":"has-post-thumbnail","6":"product_cat-nut-products","7":"product_cat-sets","8":"product_cat-special-offers","10":"first","11":"instock","12":"sale","13":"taxable","14":"shipping-taxable","15":"purchasable","16":"product-type-simple"},"aioseo_notices":[],"_links":{"self":[{"href":"https:\/\/healthy-choice.co.uk\/es\/wp-json\/wp\/v2\/product\/1626","targetHints":{"allow":["GET"]}}],"collection":[{"href":"https:\/\/healthy-choice.co.uk\/es\/wp-json\/wp\/v2\/product"}],"about":[{"href":"https:\/\/healthy-choice.co.uk\/es\/wp-json\/wp\/v2\/types\/product"}],"wp:featuredmedia":[{"embeddable":true,"href":"https:\/\/healthy-choice.co.uk\/es\/wp-json\/wp\/v2\/media\/1627"}],"wp:attachment":[{"href":"https:\/\/healthy-choice.co.uk\/es\/wp-json\/wp\/v2\/media?parent=1626"}],"wp:term":[{"taxonomy":"product_brand","embeddable":true,"href":"https:\/\/healthy-choice.co.uk\/es\/wp-json\/wp\/v2\/product_brand?post=1626"},{"taxonomy":"product_cat","embeddable":true,"href":"https:\/\/healthy-choice.co.uk\/es\/wp-json\/wp\/v2\/product_cat?post=1626"},{"taxonomy":"product_tag","embeddable":true,"href":"https:\/\/healthy-choice.co.uk\/es\/wp-json\/wp\/v2\/product_tag?post=1626"},{"taxonomy":"giftcard-category","embeddable":true,"href":"https:\/\/healthy-choice.co.uk\/es\/wp-json\/wp\/v2\/giftcard-category?post=1626"}],"curies":[{"name":"wp","href":"https:\/\/api.w.org\/{rel}","templated":true}]}}