{"id":1622,"date":"2023-07-07T05:46:46","date_gmt":"2023-07-07T05:46:46","guid":{"rendered":"https:\/\/healthy-choice.co.uk\/?post_type=product&#038;p=1622"},"modified":"2025-10-01T00:09:53","modified_gmt":"2025-09-30T21:09:53","slug":"set-healthy-choice-peanut-spread-with-250g-pieces-healthy-choice-almond-spread-with-250g-pieces","status":"publish","type":"product","link":"https:\/\/healthy-choice.co.uk\/es\/producto\/set-healthy-choice-peanut-spread-with-250g-pieces-healthy-choice-almond-spread-with-250g-pieces\/","title":{"rendered":"Set: Healthy Choice cacahuete para untar con 250g piezas + Healthy Choice almendra para untar con 250g piezas."},"content":{"rendered":"<p><strong>crema de cacahuete HEALTHY CHOICE<\/strong> es la prote\u00edna vegetal de mejor calidad. Es un producto de alta calidad y gran sabor, elaborado a partir de materias primas naturales, sin utilizar especias artificiales, potenciadores del sabor, grasas, aditivos sint\u00e9ticos ni colorantes.<\/p>\n<p>Elaborado con cacahuetes de la m\u00e1s alta calidad, ricos en VITAMINAS y MINERALES, como Sodio, Calcio, Magnesio, Potasio. Extra\u00eddo tostando los cacahuetes junto con su c\u00e1scara, los frutos secos se trituran posteriormente para darles un incre\u00edble sabor crujiente, conservando as\u00ed la estructura proteica y grasa inalterada.<\/p>\n<p>Las fibras garantizan una funci\u00f3n intestinal fluida y proporcionan una sensaci\u00f3n de saciedad que reducir\u00e1 los antojos sin necesidad de tentempi\u00e9s ni dulces.<\/p>\n<div class=\"col medium-6 small-12 large-6\">\n<div class=\"col-inner\"><\/div>\n<\/div>\n<p><strong>La pasta de almendras para untar HEALTHY CHOICE<\/strong> es la prote\u00edna vegetal de mejor calidad. Es un producto de alta calidad y gran sabor, elaborado a partir de materias primas naturales, sin utilizar especias artificiales, potenciadores del sabor, grasas, aditivos sint\u00e9ticos ni colorantes.<\/p>\n<p>Elaborado con almendras de la m\u00e1s alta calidad, ricas en VITAMINAS y MINERALES, como Sodio, Calcio, Magnesio, Potasio. Extra\u00eddas mediante fritura de almendras, las nueces se trituran posteriormente para darles un incre\u00edble sabor crujiente, conservando as\u00ed la estructura proteica y grasa inalterada.<\/p>\n<p>Las fibras garantizan una funci\u00f3n intestinal fluida y proporcionan una sensaci\u00f3n de saciedad que reducir\u00e1 los antojos sin necesidad de tentempi\u00e9s ni dulces.<\/p>","protected":false},"excerpt":{"rendered":"<p>topSet: Healthy Choice cacahuete para untar con 250g piezas + Healthy Choice almendra para untar con 250g piezas<\/p>","protected":false},"featured_media":1623,"template":"","meta":[],"product_brand":[],"product_cat":[40,27,25],"product_tag":[],"giftcard-category":[],"class_list":{"0":"post-1622","1":"product","2":"type-product","3":"status-publish","4":"has-post-thumbnail","6":"product_cat-nut-products","7":"product_cat-sets","8":"product_cat-special-offers","10":"first","11":"instock","12":"sale","13":"taxable","14":"shipping-taxable","15":"purchasable","16":"product-type-simple"},"aioseo_notices":[],"_links":{"self":[{"href":"https:\/\/healthy-choice.co.uk\/es\/wp-json\/wp\/v2\/product\/1622","targetHints":{"allow":["GET"]}}],"collection":[{"href":"https:\/\/healthy-choice.co.uk\/es\/wp-json\/wp\/v2\/product"}],"about":[{"href":"https:\/\/healthy-choice.co.uk\/es\/wp-json\/wp\/v2\/types\/product"}],"wp:featuredmedia":[{"embeddable":true,"href":"https:\/\/healthy-choice.co.uk\/es\/wp-json\/wp\/v2\/media\/1623"}],"wp:attachment":[{"href":"https:\/\/healthy-choice.co.uk\/es\/wp-json\/wp\/v2\/media?parent=1622"}],"wp:term":[{"taxonomy":"product_brand","embeddable":true,"href":"https:\/\/healthy-choice.co.uk\/es\/wp-json\/wp\/v2\/product_brand?post=1622"},{"taxonomy":"product_cat","embeddable":true,"href":"https:\/\/healthy-choice.co.uk\/es\/wp-json\/wp\/v2\/product_cat?post=1622"},{"taxonomy":"product_tag","embeddable":true,"href":"https:\/\/healthy-choice.co.uk\/es\/wp-json\/wp\/v2\/product_tag?post=1622"},{"taxonomy":"giftcard-category","embeddable":true,"href":"https:\/\/healthy-choice.co.uk\/es\/wp-json\/wp\/v2\/giftcard-category?post=1622"}],"curies":[{"name":"wp","href":"https:\/\/api.w.org\/{rel}","templated":true}]}}