{"id":1616,"date":"2023-07-07T05:42:52","date_gmt":"2023-07-07T05:42:52","guid":{"rendered":"https:\/\/healthy-choice.co.uk\/?post_type=product&#038;p=1616"},"modified":"2025-10-01T00:10:32","modified_gmt":"2025-09-30T21:10:32","slug":"set-l-carnitine-orange-flavor-100-pure-collagen-strawberry-flavor","status":"publish","type":"product","link":"https:\/\/healthy-choice.co.uk\/es\/producto\/set-l-carnitine-orange-flavor-100-pure-collagen-strawberry-flavor\/","title":{"rendered":"Set: L-Carnitina sabor naranja + 100% col\u00e1geno puro sabor fresa"},"content":{"rendered":"<p><strong>100% COL\u00c1GENO PURO SABOR FRESA<\/strong><\/p>\n<p>Cantidad neta 500 ml<\/p>\n<p>El col\u00e1geno es una prote\u00edna natural del cuerpo humano que sostiene la estructura de la piel, los huesos y los m\u00fasculos, pero durante el proceso de envejecimiento disminuye la capacidad del propio organismo para sintetizar col\u00e1geno. Por este motivo, se est\u00e1n desarrollando suplementos de col\u00e1geno que ayudan a mantener el estado normal de la piel, el cabello y las u\u00f1as, reducen la p\u00e9rdida \u00f3sea y tienen un efecto positivo sobre el sistema cardiovascular.<\/p>\n<p>100% col\u00e1geno puro en sabor fresa es de la mejor calidad, creado preservando todas las sustancias m\u00e1s importantes para mejorar la condici\u00f3n del cabello, piel, u\u00f1as, tejidos conectivos, articulaciones. Es un gran sabor a fresa, barato, producto de calidad, adecuado para el uso de una vez al d\u00eda.<\/p>\n<p>El col\u00e1geno 100% puro con sabor a fresa contiene biotina, zinc, vitamina E y C. La biotina es sumamente importante para el metabolismo de los hidratos de carbono, las prote\u00ednas y las grasas. La biotina ayuda a mantener el metabolismo energ\u00e9tico normal, la actividad del sistema nervioso, la funci\u00f3n psicol\u00f3gica y el estado de la piel. El zinc es esencial para la producci\u00f3n de prote\u00ednas, importantes para el desarrollo y funcionamiento de las c\u00e9lulas inmunitarias. El zinc, al igual que las vitaminas E y C, ayuda a mantener un sistema inmunitario fuerte.<\/p>\n<p>&nbsp;<\/p>\n<p><strong>L-CARNITINA SABOR NARANJA<\/strong><\/p>\n<p>Cantidad neta 1000 ml<\/p>\n<p>La L-carnitina es un compuesto vitam\u00ednico y amino\u00e1cido comparable a las vitaminas del grupo B. Esta sustancia funciona como transportador de \u00e1cidos grasos a la mitocondria. La L-carnitina act\u00faa como un asistente para ayudarle a quemar grasa m\u00e1s r\u00e1pidamente y a perder peso de forma natural. Adem\u00e1s, estudios recientes demuestran que la L-carnitina ayuda a reducir la fatiga, el peso corporal y aumentar la masa muscular, estabiliza los niveles de az\u00facar en sangre y al mismo tiempo reduce la necesidad de hidratos de carbono. La carnitina ayuda a movilizar las reservas de grasa, especialmente en personas con sobrepeso.<\/p>\n<p>La L-carnitina tiene un sabor a naranja particularmente delicioso, sin colorantes sint\u00e9ticos ni potenciadores del sabor, elaborado conservando todas las sustancias m\u00e1s importantes que tienen un efecto positivo en el cuerpo humano. Es extremadamente importante que esta L-carnitina est\u00e9 en forma l\u00edquida, para que el cuerpo la absorba mucho m\u00e1s r\u00e1pida y f\u00e1cilmente. Este suplemento contiene una cantidad particularmente grande de carnitina, una porci\u00f3n (25ml) contiene tanto como 1667mg, y 100ml - 6668mg.<\/p>","protected":false},"excerpt":{"rendered":"<div class=\"product-short-description\">\n<p>Set: L-Carnitina sabor naranja + 100% col\u00e1geno puro sabor fresa<\/p>\n<\/div>","protected":false},"featured_media":1617,"template":"","meta":[],"product_brand":[],"product_cat":[41,27,25],"product_tag":[43],"giftcard-category":[],"class_list":{"0":"post-1616","1":"product","2":"type-product","3":"status-publish","4":"has-post-thumbnail","6":"product_cat-l-carnitine","7":"product_cat-sets","8":"product_cat-special-offers","9":"product_tag-l-carnitine-or-collagen-gift","11":"first","12":"instock","13":"sale","14":"taxable","15":"shipping-taxable","16":"purchasable","17":"product-type-simple"},"aioseo_notices":[],"_links":{"self":[{"href":"https:\/\/healthy-choice.co.uk\/es\/wp-json\/wp\/v2\/product\/1616","targetHints":{"allow":["GET"]}}],"collection":[{"href":"https:\/\/healthy-choice.co.uk\/es\/wp-json\/wp\/v2\/product"}],"about":[{"href":"https:\/\/healthy-choice.co.uk\/es\/wp-json\/wp\/v2\/types\/product"}],"wp:featuredmedia":[{"embeddable":true,"href":"https:\/\/healthy-choice.co.uk\/es\/wp-json\/wp\/v2\/media\/1617"}],"wp:attachment":[{"href":"https:\/\/healthy-choice.co.uk\/es\/wp-json\/wp\/v2\/media?parent=1616"}],"wp:term":[{"taxonomy":"product_brand","embeddable":true,"href":"https:\/\/healthy-choice.co.uk\/es\/wp-json\/wp\/v2\/product_brand?post=1616"},{"taxonomy":"product_cat","embeddable":true,"href":"https:\/\/healthy-choice.co.uk\/es\/wp-json\/wp\/v2\/product_cat?post=1616"},{"taxonomy":"product_tag","embeddable":true,"href":"https:\/\/healthy-choice.co.uk\/es\/wp-json\/wp\/v2\/product_tag?post=1616"},{"taxonomy":"giftcard-category","embeddable":true,"href":"https:\/\/healthy-choice.co.uk\/es\/wp-json\/wp\/v2\/giftcard-category?post=1616"}],"curies":[{"name":"wp","href":"https:\/\/api.w.org\/{rel}","templated":true}]}}