{"id":1608,"date":"2023-07-07T05:51:14","date_gmt":"2023-07-07T02:51:14","guid":{"rendered":"https:\/\/healthy-choice.co.uk\/?post_type=product&#038;p=1608"},"modified":"2025-12-28T14:28:37","modified_gmt":"2025-12-28T12:28:37","slug":"almond-spread-chunky-250gr","status":"publish","type":"product","link":"https:\/\/healthy-choice.co.uk\/es\/producto\/almond-spread-chunky-250gr\/","title":{"rendered":"Almond spread CHUNKY 250 gr"},"content":{"rendered":"<p><strong>HEALTHY CHOICE Untable de Almendras y Frutos Secos<\/strong> es la prote\u00edna vegetal de mejor calidad. Se trata de un producto de gran sabor y alta calidad elaborado a partir de materias primas naturales sin utilizar aromas artificiales, potenciadores del sabor, grasas, aditivos sint\u00e9ticos ni colorantes.<\/p>\n<p>Se elabora a partir de las mejores nueces de almendra, ricas en VITAMINAS y MINERALES como Sodio, Calcio, Magnesio, Potasio. Se extrae tostando las almendras y tritur\u00e1ndolas a continuaci\u00f3n para obtener un maravilloso sabor crujiente, preservando as\u00ed la estructura proteica y grasa inalterada.<\/p>\n<p>La fibra asegura un buen funcionamiento de los intestinos y proporciona una sensaci\u00f3n de saciedad que reducir\u00e1 los antojos de aperitivos y dulces innecesarios.<\/p>","protected":false},"excerpt":{"rendered":"<p>100 % sabor puro y natural La mantequilla de almendra \"Healthy Choice\" se compone de prote\u00ednas vegetales, grasas insaturadas, fibras e hidratos de carbono de la mejor calidad. Se crea conservando un alto valor biol\u00f3gico (BV).<\/p>","protected":false},"featured_media":2387,"template":"","meta":[],"product_brand":[],"product_cat":[40,25,28],"product_tag":[46],"giftcard-category":[],"class_list":{"0":"post-1608","1":"product","2":"type-product","3":"status-publish","4":"has-post-thumbnail","6":"product_cat-nut-products","7":"product_cat-special-offers","8":"product_cat-top","9":"product_tag-specia","11":"first","12":"instock","13":"taxable","14":"shipping-taxable","15":"purchasable","16":"product-type-simple"},"aioseo_notices":[],"_links":{"self":[{"href":"https:\/\/healthy-choice.co.uk\/es\/wp-json\/wp\/v2\/product\/1608","targetHints":{"allow":["GET"]}}],"collection":[{"href":"https:\/\/healthy-choice.co.uk\/es\/wp-json\/wp\/v2\/product"}],"about":[{"href":"https:\/\/healthy-choice.co.uk\/es\/wp-json\/wp\/v2\/types\/product"}],"wp:featuredmedia":[{"embeddable":true,"href":"https:\/\/healthy-choice.co.uk\/es\/wp-json\/wp\/v2\/media\/2387"}],"wp:attachment":[{"href":"https:\/\/healthy-choice.co.uk\/es\/wp-json\/wp\/v2\/media?parent=1608"}],"wp:term":[{"taxonomy":"product_brand","embeddable":true,"href":"https:\/\/healthy-choice.co.uk\/es\/wp-json\/wp\/v2\/product_brand?post=1608"},{"taxonomy":"product_cat","embeddable":true,"href":"https:\/\/healthy-choice.co.uk\/es\/wp-json\/wp\/v2\/product_cat?post=1608"},{"taxonomy":"product_tag","embeddable":true,"href":"https:\/\/healthy-choice.co.uk\/es\/wp-json\/wp\/v2\/product_tag?post=1608"},{"taxonomy":"giftcard-category","embeddable":true,"href":"https:\/\/healthy-choice.co.uk\/es\/wp-json\/wp\/v2\/giftcard-category?post=1608"}],"curies":[{"name":"wp","href":"https:\/\/api.w.org\/{rel}","templated":true}]}}