{"id":1593,"date":"2023-07-07T05:53:03","date_gmt":"2023-07-07T02:53:03","guid":{"rendered":"https:\/\/healthy-choice.co.uk\/?post_type=product&#038;p=1593"},"modified":"2025-12-28T14:30:20","modified_gmt":"2025-12-28T12:30:20","slug":"peanut-spread-smooth-1kg","status":"publish","type":"product","link":"https:\/\/healthy-choice.co.uk\/es\/producto\/peanut-spread-smooth-1kg\/","title":{"rendered":"Peanut spread SMOOTH 1 kg"},"content":{"rendered":"<p><strong>100 % manteca de cacahuete sabor puro y natural \"HEALTHY CHOICE\"<\/strong>\u00a0se compone de prote\u00ednas vegetales de la mejor calidad, grasas insaturadas, fibras e hidratos de carbono. Se crea conservando un alto valor biol\u00f3gico (BV). Se trata de un producto de gran sabor, barato y de alta calidad, adecuado para consumir varias veces al d\u00eda.<\/p>\n<p>100 % mantequilla de cacahuete de sabor puro y natural\u00a0<strong>\"ELECCI\u00d3N SALUDABLE\"<\/strong>\u00a0es de la m\u00e1xima calidad y excelente consistencia. Se produce a partir de cacahuetes de la mejor calidad, ricos en vitaminas y minerales, como sodio, calcio, magnesio y potasio. Este producto de alta calidad y gran sabor se elabora con ingredientes naturales, sin especias artificiales, potenciadores del sabor, grasas, aditivos sint\u00e9ticos ni colorantes.<\/p>\n<p><strong>\"ELECCI\u00d3N SALUDABLE\"<\/strong>\u00a0La mantequilla de cacahuete se extrae cociendo los cacahuetes con su c\u00e1scara. M\u00e1s tarde los frutos secos se trituran, con el fin de ser extra\u00eddo maravilloso sabor, crujiente. As\u00ed se conserva intacta la estructura proteica y grasa. (100 g) el producto tiene hasta 30 gramos de prote\u00edna que desempe\u00f1a un papel en el desarrollo muscular, 19 g de hidratos de carbono, e incluso hasta 50 gramos de grasas buenas (m\u00e1s valioso que las grasas animales, ya que la parte principal se compone de \u00e1cidos grasos insaturados).<\/p>\n<p>Este producto es una de las mejores fuentes de \u00e1cidos grasos esenciales (AGE) de cadena ramificada, reconocidos desde hace tiempo como una de las fuentes m\u00e1s saludables de grasas y prote\u00ednas.<\/p>\n<p>Los cacahuetes son ricos en vitaminas del grupo B (B1, B2, B6), que es necesario obtener constantemente con la comida porque el cuerpo no la guarda, as\u00ed como yodo, f\u00f3sforo, hierro, magnesio, calcio, potasio, sodio.<\/p>","protected":false},"excerpt":{"rendered":"<p>Healthy Choice Peanut Spread se presenta en dos sabores, crema y trozos, con prote\u00ednas vegetales, grasas insaturadas, fibra e hidratos de carbono de alta calidad. Formulada para mantener un alto valor biol\u00f3gico (VB).<\/p>\n<p>Se trata de un producto de calidad que puede utilizarse varias veces al d\u00eda.<\/p>","protected":false},"featured_media":2386,"template":"","meta":[],"product_brand":[],"product_cat":[40],"product_tag":[],"giftcard-category":[],"class_list":{"0":"post-1593","1":"product","2":"type-product","3":"status-publish","4":"has-post-thumbnail","6":"product_cat-nut-products","8":"first","9":"instock","10":"taxable","11":"shipping-taxable","12":"purchasable","13":"product-type-simple"},"aioseo_notices":[],"_links":{"self":[{"href":"https:\/\/healthy-choice.co.uk\/es\/wp-json\/wp\/v2\/product\/1593","targetHints":{"allow":["GET"]}}],"collection":[{"href":"https:\/\/healthy-choice.co.uk\/es\/wp-json\/wp\/v2\/product"}],"about":[{"href":"https:\/\/healthy-choice.co.uk\/es\/wp-json\/wp\/v2\/types\/product"}],"wp:featuredmedia":[{"embeddable":true,"href":"https:\/\/healthy-choice.co.uk\/es\/wp-json\/wp\/v2\/media\/2386"}],"wp:attachment":[{"href":"https:\/\/healthy-choice.co.uk\/es\/wp-json\/wp\/v2\/media?parent=1593"}],"wp:term":[{"taxonomy":"product_brand","embeddable":true,"href":"https:\/\/healthy-choice.co.uk\/es\/wp-json\/wp\/v2\/product_brand?post=1593"},{"taxonomy":"product_cat","embeddable":true,"href":"https:\/\/healthy-choice.co.uk\/es\/wp-json\/wp\/v2\/product_cat?post=1593"},{"taxonomy":"product_tag","embeddable":true,"href":"https:\/\/healthy-choice.co.uk\/es\/wp-json\/wp\/v2\/product_tag?post=1593"},{"taxonomy":"giftcard-category","embeddable":true,"href":"https:\/\/healthy-choice.co.uk\/es\/wp-json\/wp\/v2\/giftcard-category?post=1593"}],"curies":[{"name":"wp","href":"https:\/\/api.w.org\/{rel}","templated":true}]}}