{"id":1581,"date":"2025-04-21T09:35:32","date_gmt":"2025-04-21T06:35:32","guid":{"rendered":"https:\/\/healthy-choice.co.uk\/?post_type=product&#038;p=1581"},"modified":"2025-12-28T14:24:15","modified_gmt":"2025-12-28T12:24:15","slug":"bcaa-blackcurrant-flavor-400g","status":"publish","type":"product","link":"https:\/\/healthy-choice.co.uk\/es\/producto\/bcaa-blackcurrant-flavor-400g\/","title":{"rendered":"BCAA Blackcurrant flavor, 400 g"},"content":{"rendered":"<p><strong>Healthy Choice BCAA 2:1:1<\/strong>\u00a0- Amino\u00e1cidos de cadena ramificada (BCAA) para una recuperaci\u00f3n muscular m\u00e1s r\u00e1pida.<\/p>\n<p>Los amino\u00e1cidos de cadena ramificada (BCAA) son un grupo importante de amino\u00e1cidos esenciales formado por leucina, isoleucina y valina. Los BCAA se encuentran entre los nueve amino\u00e1cidos esenciales que nuestro cuerpo no puede producir. La \u00fanica fuente de BCAA es nuestra alimentaci\u00f3n diaria o los suplementos diet\u00e9ticos. Por otra parte, constituyen el 35% de los amino\u00e1cidos de las prote\u00ednas musculares. La leucina, la isoleucina y la valina son amino\u00e1cidos esenciales derivados de diferentes fuentes de prote\u00ednas. Tambi\u00e9n pueden utilizarse como complementos alimenticios, especialmente durante entrenamientos intensos o f\u00edsicos. En nuestra f\u00f3rmula de BCAA, la proporci\u00f3n de Leucina, Isoleucina y Valina es de 2:1:1, porque esta proporci\u00f3n para los productos de amino\u00e1cidos de cadena ramificada es la m\u00e1s eficaz.<\/p>","protected":false},"excerpt":{"rendered":"<div class=\"product-short-description\">\n<p>Healthy Choice BCAA 2:1:1 - \u00a1Amino\u00e1cidos de cadena ramificada (BCAA) para una recuperaci\u00f3n muscular m\u00e1s r\u00e1pida!<\/p>\n<\/div>\n<form class=\"cart\" action=\"https:\/\/www.healthychoice.world\/products\/bcaa-blackcurrant-flavor-400g\/?v=c562607189d7\" enctype=\"multipart\/form-data\" method=\"post\">\n<div class=\"sticky-add-to-cart-wrapper\">\n<div class=\"sticky-add-to-cart\">\n<div class=\"quantity buttons_added\"><\/div>\n<\/div>\n<\/div>\n<\/form>","protected":false},"featured_media":2390,"template":"","meta":[],"product_brand":[],"product_cat":[38],"product_tag":[],"giftcard-category":[],"class_list":{"0":"post-1581","1":"product","2":"type-product","3":"status-publish","4":"has-post-thumbnail","6":"product_cat-bcaa","8":"first","9":"instock","10":"sale","11":"taxable","12":"shipping-taxable","13":"purchasable","14":"product-type-simple"},"aioseo_notices":[],"_links":{"self":[{"href":"https:\/\/healthy-choice.co.uk\/es\/wp-json\/wp\/v2\/product\/1581","targetHints":{"allow":["GET"]}}],"collection":[{"href":"https:\/\/healthy-choice.co.uk\/es\/wp-json\/wp\/v2\/product"}],"about":[{"href":"https:\/\/healthy-choice.co.uk\/es\/wp-json\/wp\/v2\/types\/product"}],"wp:featuredmedia":[{"embeddable":true,"href":"https:\/\/healthy-choice.co.uk\/es\/wp-json\/wp\/v2\/media\/2390"}],"wp:attachment":[{"href":"https:\/\/healthy-choice.co.uk\/es\/wp-json\/wp\/v2\/media?parent=1581"}],"wp:term":[{"taxonomy":"product_brand","embeddable":true,"href":"https:\/\/healthy-choice.co.uk\/es\/wp-json\/wp\/v2\/product_brand?post=1581"},{"taxonomy":"product_cat","embeddable":true,"href":"https:\/\/healthy-choice.co.uk\/es\/wp-json\/wp\/v2\/product_cat?post=1581"},{"taxonomy":"product_tag","embeddable":true,"href":"https:\/\/healthy-choice.co.uk\/es\/wp-json\/wp\/v2\/product_tag?post=1581"},{"taxonomy":"giftcard-category","embeddable":true,"href":"https:\/\/healthy-choice.co.uk\/es\/wp-json\/wp\/v2\/giftcard-category?post=1581"}],"curies":[{"name":"wp","href":"https:\/\/api.w.org\/{rel}","templated":true}]}}