{"id":1579,"date":"2025-04-21T09:20:59","date_gmt":"2025-04-21T06:20:59","guid":{"rendered":"https:\/\/healthy-choice.co.uk\/?post_type=product&#038;p=1579"},"modified":"2025-12-28T14:24:25","modified_gmt":"2025-12-28T12:24:25","slug":"100-whey-protein-isolate-1kg","status":"publish","type":"product","link":"https:\/\/healthy-choice.co.uk\/es\/producto\/100-whey-protein-isolate-1kg\/","title":{"rendered":"100% Whey Protein Isolate, 1 kg"},"content":{"rendered":"<h3 class=\"text-white\">Acerca del aislado de prote\u00edna de suero \"HEALTHY CHOICE<\/h3>\n<p>El aislado de prote\u00edna de suero es la forma m\u00e1s pura de prote\u00edna de suero con un contenido muy bajo de lactosa y grasa. Las personas que dif\u00edcilmente digieren la prote\u00edna de suero consumen s\u00f3lo este tipo de prote\u00edna, porque aqu\u00ed el contenido de lactosa es inferior a 1%. Se trata de una fuente de prote\u00edna de alto valor biol\u00f3gico (BV) que contiene una gran cantidad de amino\u00e1cidos ramificados (BCAAs), glutamina y amino\u00e1cidos esenciales (EAAs) que el cuerpo humano no puede producir por s\u00ed mismo.<\/p>\n<p>Altamente soluble, el Aislado de Prote\u00edna de Suero 100% \"HEALTHY CHOICE\" es una prote\u00edna de alta calidad, producida a baja temperatura mediante la combinaci\u00f3n del proceso de ultrafiltraci\u00f3n y microfiltraci\u00f3n que permite separar la prote\u00edna con estructura proteica inalterada y conservando su alto valor biol\u00f3gico (BV).<\/p>\n<p>Es importante destacar que s\u00f3lo utilizamos lecitina de girasol como emulsionante para mejorar la solubilidad de nuestro producto. Muchos fabricantes utilizan lecitina de soja, pero la raz\u00f3n principal es que es m\u00e1s barata. Sin embargo, la soja es un al\u00e9rgeno y muchas personas son al\u00e9rgicas a ella. Adem\u00e1s, la industria de la soja suele utilizar productos modificados gen\u00e9ticamente y en la producci\u00f3n de lecitina de soja se emplean sustancias qu\u00edmicas peligrosas.<\/p>\n<p>A diferencia de la soja, el girasol no se modifica gen\u00e9ticamente, sino que se cultiva de forma natural. La lecitina de girasol se produce por fraccionamiento en fr\u00edo, de forma muy similar a la producci\u00f3n de aceite de oliva, y en este proceso no se utilizan sustancias qu\u00edmicas peligrosas.<\/p>\n<p>Nos preocupamos por el medio ambiente y la calidad de nuestros productos y producimos Aislado de Prote\u00edna de Suero \"HEALTHY CHOICE\" s\u00f3lo a partir de leche de vaca alimentada con pasto.<\/p>\n<p>Consultamos constantemente a atletas profesionales, entrenadores y nutricionistas sobre los productos \"HEALTHY CHOICE\" y perfeccionamos las propiedades m\u00e1s valiosas de cada producto.<\/p>\n<p>&nbsp;<\/p>\n<h3 class=\"sub-header text-white mt-2\">La prote\u00edna \"HEALTHY CHOICE\" y su importancia para el cuerpo humano<\/h3>\n<div id=\"row-525022350\" class=\"row\">\n<div class=\"col medium-6 small-12 large-6\">\n<div class=\"col-inner\">\n<p>La prote\u00edna es un material de construcci\u00f3n muscular, uno de los nutrientes clave, como los hidratos de carbono y las grasas. La prote\u00edna es el segundo componente m\u00e1s abundante e importante del cuerpo despu\u00e9s del agua. La prote\u00edna est\u00e1 muy extendida en la naturaleza viva y su base. Como un rompecabezas, la prote\u00edna se compone de detalles individuales, la prote\u00edna se compone de peque\u00f1as part\u00edculas - amino\u00e1cidos. La macromol\u00e9cula de prote\u00edna se basa en un total de 20 amino\u00e1cidos diferentes. 9 de los 20 amino\u00e1cidos son esenciales para la alimentaci\u00f3n, ya que no pueden ser producidos por el propio organismo y, por lo tanto, requieren una ingesta diaria adecuada de prote\u00ednas. Los productos proteicos \"HEALTHY CHOICE\" son una de las mejores fuentes de amino\u00e1cidos de cadena ramificada (BCAA).<\/p>\n<p>Es dif\u00edcil sobrestimar la importancia de las prote\u00ednas para el cuerpo humano. La prote\u00edna construye, mantiene y restaura la masa muscular. La prote\u00edna ayuda a hacer crecer el m\u00fasculo y a fortalecerlo. Las prote\u00ednas tambi\u00e9n son importantes para mantener un estado \u00f3seo normal. Para que el cuerpo humano est\u00e9 sano, es esencial ingerir prote\u00ednas a diario.<\/p>\n<\/div>\n<\/div>\n<div class=\"col medium-6 small-12 large-6\">\n<div class=\"col-inner\">\n<p>Adem\u00e1s del crecimiento muscular, las prote\u00ednas tienen otras funciones:<\/p>\n<ul>\n<li>Aporta al organismo prote\u00ednas esenciales para la funci\u00f3n muscular;<\/li>\n<li>Fortalece los m\u00fasculos y los restaura despu\u00e9s del ejercicio;<\/li>\n<li>Suprime el apetito y ayuda a reducir el sobrepeso.<\/li>\n<\/ul>\n<p>Consiga todo esto y mucho m\u00e1s con\u00a0<strong>\"ELECCI\u00d3N SALUDABLE\"<\/strong>\u00a0prote\u00edna regularmente - \u00a1C\u00f3mpralo ya!<\/p>\n<\/div>\n<\/div>\n<\/div>","protected":false},"excerpt":{"rendered":"<p>100% PURE and WATER-SOLUBLE ISOLATE es un concentrado de prote\u00edna de suero de primera calidad con un contenido proteico superior a 90%.<\/p>","protected":false},"featured_media":2036,"template":"","meta":[],"product_brand":[],"product_cat":[29],"product_tag":[43,44],"giftcard-category":[],"class_list":{"0":"post-1579","1":"product","2":"type-product","3":"status-publish","4":"has-post-thumbnail","6":"product_cat-whey-proteins","7":"product_tag-l-carnitine-or-collagen-gift","8":"product_tag-baltymai","10":"first","11":"instock","12":"taxable","13":"shipping-taxable","14":"purchasable","15":"product-type-simple"},"aioseo_notices":[],"_links":{"self":[{"href":"https:\/\/healthy-choice.co.uk\/es\/wp-json\/wp\/v2\/product\/1579","targetHints":{"allow":["GET"]}}],"collection":[{"href":"https:\/\/healthy-choice.co.uk\/es\/wp-json\/wp\/v2\/product"}],"about":[{"href":"https:\/\/healthy-choice.co.uk\/es\/wp-json\/wp\/v2\/types\/product"}],"wp:featuredmedia":[{"embeddable":true,"href":"https:\/\/healthy-choice.co.uk\/es\/wp-json\/wp\/v2\/media\/2036"}],"wp:attachment":[{"href":"https:\/\/healthy-choice.co.uk\/es\/wp-json\/wp\/v2\/media?parent=1579"}],"wp:term":[{"taxonomy":"product_brand","embeddable":true,"href":"https:\/\/healthy-choice.co.uk\/es\/wp-json\/wp\/v2\/product_brand?post=1579"},{"taxonomy":"product_cat","embeddable":true,"href":"https:\/\/healthy-choice.co.uk\/es\/wp-json\/wp\/v2\/product_cat?post=1579"},{"taxonomy":"product_tag","embeddable":true,"href":"https:\/\/healthy-choice.co.uk\/es\/wp-json\/wp\/v2\/product_tag?post=1579"},{"taxonomy":"giftcard-category","embeddable":true,"href":"https:\/\/healthy-choice.co.uk\/es\/wp-json\/wp\/v2\/giftcard-category?post=1579"}],"curies":[{"name":"wp","href":"https:\/\/api.w.org\/{rel}","templated":true}]}}