{"id":1573,"date":"2025-04-21T09:19:19","date_gmt":"2025-04-21T06:19:19","guid":{"rendered":"https:\/\/healthy-choice.co.uk\/?post_type=product&#038;p=1573"},"modified":"2025-12-28T14:24:50","modified_gmt":"2025-12-28T12:24:50","slug":"100-whey-protein-strawberry-flavor-1kg","status":"publish","type":"product","link":"https:\/\/healthy-choice.co.uk\/es\/producto\/100-whey-protein-strawberry-flavor-1kg\/","title":{"rendered":"100% Whey Protein Strawberry flavor 1 kg"},"content":{"rendered":"<h2 class=\"text-white\">Prote\u00edna de suero de leche sabor fresa<\/h2>\n<div id=\"row-1299716147\" class=\"row\">\n<div class=\"col medium-6 small-12 large-6\">\n<div class=\"col-inner\">\n<p>100% Prote\u00edna de suero\u00a0<strong>\"ELECCI\u00d3N SALUDABLE\"<\/strong>\u00a0es una prote\u00edna de alta calidad, fabricada a baja temperatura mediante un proceso de ultrafiltraci\u00f3n que conserva inalterada la estructura de la prote\u00edna y su alto valor biol\u00f3gico (BV).<\/p>\n<p><strong>\"ELECCI\u00d3N SALUDABLE\"<\/strong>\u00a0est\u00e1 elaborado con concentrado de prote\u00edna de suero de la m\u00e1s alta calidad. Una raci\u00f3n (30 g) del producto contiene 23 g de prote\u00ednas que conservan tu masa muscular y favorecen el crecimiento muscular.<\/p>\n<p>Este producto es una de las mejores fuentes de amino\u00e1cidos de cadena ramificada (BCAA)<\/p>\n<\/div>\n<\/div>\n<div class=\"col medium-6 small-12 large-6\">\n<div class=\"col-inner\">\n<p><strong>Principales ventajas de esta prote\u00edna<\/strong><\/p>\n<ul>\n<li>24 g de prote\u00ednas por raci\u00f3n<\/li>\n<li>4,2 g de BCAA por porci\u00f3n<\/li>\n<li>R\u00e1pida absorci\u00f3n<\/li>\n<li>Instant\u00e1nea<\/li>\n<li>Alto BV<\/li>\n<li>Bajo en lactosa<\/li>\n<li>Ayuda a conservar y mantener el crecimiento de la masa muscular<\/li>\n<li>Ayuda a mantener el estado normal de los huesos<\/li>\n<li>Apto para deportistas<\/li>\n<li>Apto para vegetarianos<\/li>\n<li>Apto para todas las edades<\/li>\n<\/ul>\n<\/div>\n<\/div>\n<\/div>","protected":false},"excerpt":{"rendered":"<p><strong>\"ELECCI\u00d3N SALUDABLE\"<\/strong>\u00a0est\u00e1 elaborado con concentrado de prote\u00edna de suero de la m\u00e1s alta calidad. Una raci\u00f3n (30 g) del producto contiene 23 g de prote\u00ednas que conservan tu masa muscular y favorecen el crecimiento muscular.<\/p>","protected":false},"featured_media":2032,"template":"","meta":[],"product_brand":[],"product_cat":[29],"product_tag":[43,44],"giftcard-category":[],"class_list":{"0":"post-1573","1":"product","2":"type-product","3":"status-publish","4":"has-post-thumbnail","6":"product_cat-whey-proteins","7":"product_tag-l-carnitine-or-collagen-gift","8":"product_tag-baltymai","10":"first","11":"instock","12":"taxable","13":"shipping-taxable","14":"purchasable","15":"product-type-simple"},"aioseo_notices":[],"_links":{"self":[{"href":"https:\/\/healthy-choice.co.uk\/es\/wp-json\/wp\/v2\/product\/1573","targetHints":{"allow":["GET"]}}],"collection":[{"href":"https:\/\/healthy-choice.co.uk\/es\/wp-json\/wp\/v2\/product"}],"about":[{"href":"https:\/\/healthy-choice.co.uk\/es\/wp-json\/wp\/v2\/types\/product"}],"wp:featuredmedia":[{"embeddable":true,"href":"https:\/\/healthy-choice.co.uk\/es\/wp-json\/wp\/v2\/media\/2032"}],"wp:attachment":[{"href":"https:\/\/healthy-choice.co.uk\/es\/wp-json\/wp\/v2\/media?parent=1573"}],"wp:term":[{"taxonomy":"product_brand","embeddable":true,"href":"https:\/\/healthy-choice.co.uk\/es\/wp-json\/wp\/v2\/product_brand?post=1573"},{"taxonomy":"product_cat","embeddable":true,"href":"https:\/\/healthy-choice.co.uk\/es\/wp-json\/wp\/v2\/product_cat?post=1573"},{"taxonomy":"product_tag","embeddable":true,"href":"https:\/\/healthy-choice.co.uk\/es\/wp-json\/wp\/v2\/product_tag?post=1573"},{"taxonomy":"giftcard-category","embeddable":true,"href":"https:\/\/healthy-choice.co.uk\/es\/wp-json\/wp\/v2\/giftcard-category?post=1573"}],"curies":[{"name":"wp","href":"https:\/\/api.w.org\/{rel}","templated":true}]}}