{"id":1563,"date":"2025-04-21T09:18:45","date_gmt":"2025-04-21T06:18:45","guid":{"rendered":"https:\/\/healthy-choice.co.uk\/?post_type=product&#038;p=1563"},"modified":"2025-12-28T14:24:58","modified_gmt":"2025-12-28T12:24:58","slug":"100-whey-protein-concentrate-2kg","status":"publish","type":"product","link":"https:\/\/healthy-choice.co.uk\/es\/producto\/100-whey-protein-concentrate-2kg\/","title":{"rendered":"100% Whey Protein Concentrate 2 kg"},"content":{"rendered":"<h2 class=\"text-white\">\"prote\u00edna de suero \"HEALTHY CHOICE<\/h2>\n<p>Nos enorgullece presentar nuestro\u00a0<strong>\"ELECCI\u00d3N SALUDABLE\"<\/strong>\u00a0100% PURE and WATER-SOLUBLE WHEY PROTEIN, la primera l\u00ednea de productos proteicos fabricados en Lituania. Lanzada para producci\u00f3n continua por primera vez en Lituania, la calidad de\u00a0<strong>\"ELECCI\u00d3N SALUDABLE\"<\/strong>\u00a0100% PURE and WATER-SOLUBLE WHEY PROTEIN es insuperable en comparaci\u00f3n con productos equivalentes de fabricantes extranjeros.<\/p>\n<p>Lituania siempre ha sido conocida por producir productos l\u00e1cteos populares y de alta calidad para grandes mercados como Alemania, Italia, Francia, Suiza y Nueva Zelanda.\u00a0<u>La aparici\u00f3n de este producto lituano no s\u00f3lo se debi\u00f3 al potencial sin explotar de nuestras industrias nacionales, sino tambi\u00e9n al hecho de que no se hab\u00eda desarrollado ning\u00fan producto an\u00e1logo en el mercado brit\u00e1nico ni en otros mercados europeos.<\/u>. Por otra parte, un examen m\u00e1s detenido de la composici\u00f3n de los productos ofrecidos por los fabricantes extranjeros y una investigaci\u00f3n cient\u00edfica exhaustiva revelaron que la mayor\u00eda de los productos proteicos que se ofrecen hoy en d\u00eda no son del todo naturales y contienen diversos aromas artificiales, edulcorantes, colorantes y otros aditivos.<\/p>\n<p>Antes del proceso de producci\u00f3n, suministro y distribuci\u00f3n de\u00a0<strong>\"ELECCI\u00d3N SALUDABLE\"<\/strong>\u00a0100% PURE and WATER-SOLUBLE WHEY PROTEIN se puso en marcha, tardamos medio a\u00f1o en realizar un an\u00e1lisis en profundidad de la composici\u00f3n, el envasado y la demanda del mercado de este producto.\u00a0<u>Los productos de muestra de\u00a0<strong>\"ELECCI\u00d3N SALUDABLE\"<\/strong>\u00a0fue probado por los deportistas y dietistas m\u00e1s conocidos y r\u00e1pidamente reconocieron los beneficios de la prote\u00edna natural<\/u>. Consultamos constantemente con atletas profesionales, entrenadores, dietistas y m\u00e9dicos sobre las propiedades m\u00e1s beneficiosas de\u00a0<strong>\"ELECCI\u00d3N SALUDABLE\"<\/strong>\u00a0prote\u00edna.<\/p>\n<p><strong>\"ELECCI\u00d3N SALUDABLE\"<\/strong>\u00a0deben consumirse regularmente y en cantidades adecuadas.\u00a0<strong>\"ELECCI\u00d3N SALUDABLE\"<\/strong>\u00a0proporciona a las c\u00e9lulas las prote\u00ednas que necesitan, reduciendo la necesidad de ingerir alimentos no esenciales y permitiendo perder peso.<\/p>\n<p>Las c\u00e9lulas enriquecidas con prote\u00ednas suprimen la sensaci\u00f3n de hambre. Hecho en Lituania\u00a0<strong>\"ELECCI\u00d3N SALUDABLE\"<\/strong>\u00a0100% PURE and WATER-SOLUBLE WHEY PROTEIN es tambi\u00e9n una opci\u00f3n especialmente popular entre quienes desean mantener un estilo de vida saludable.<\/p>\n<p><strong>\"ELECCI\u00d3N SALUDABLE\"<\/strong>\u00a0100% PURE and WATER-SOLUBLE WHEY PROTEIN es una prote\u00edna de suero de leche de primera calidad que posee un alto valor biol\u00f3gico (BV). Este producto de gran sabor, soluble en agua, sin colorantes ni edulcorantes, barato y de alta calidad, es adecuado para consumir varias veces al d\u00eda.\u00a0<strong>\"ELECCI\u00d3N SALUDABLE\"<\/strong>\u00a0100% PURE and WATER-SOLUBLE WHEY PROTEIN es un concentrado de prote\u00edna de suero de primera calidad con un contenido en prote\u00ednas superior a 80%.<\/p>\n<p><strong>\"ELECCI\u00d3N SALUDABLE\"<\/strong>\u00a0se produce mediante ultrafiltraci\u00f3n a baja temperatura, conservando su estructura original. Una raci\u00f3n (30 g) del producto contiene muy poca lactosa y 24 g de prote\u00ednas musculantes. Este producto es una de las mejores fuentes de amino\u00e1cidos de cadena ramificada (BCAA).<\/p>\n<h3 class=\"sub-header text-white mt-2\">La prote\u00edna \"HEALTHY CHOICE\" y sus beneficios para la salud<\/h3>\n<div id=\"row-742568491\" class=\"row\">\n<div class=\"col medium-6 small-12 large-6\">\n<div class=\"col-inner\">\n<p>Las prote\u00ednas son los componentes b\u00e1sicos de nuestro cuerpo y uno de los principales nutrientes junto con los hidratos de carbono y las grasas. Las prote\u00ednas son las segundas en cantidad e importancia en el cuerpo humano, despu\u00e9s del agua. Las prote\u00ednas abundan en la naturaleza y son la base de la vida. Al igual que un puzzle se compone de piezas individuales, las prote\u00ednas est\u00e1n formadas por part\u00edculas conocidas como amino\u00e1cidos. La estructura b\u00e1sica de las macromol\u00e9culas proteicas se compone de unos 20 amino\u00e1cidos diferentes. Las prote\u00ednas contienen carbono, ox\u00edgeno, hidr\u00f3geno, nitr\u00f3geno, sulfanilamida y varios minerales m\u00e1s.\u00a0<strong>\"ELECCI\u00d3N SALUDABLE\"<\/strong>\u00a0100% PURE and WATER-SOLUBLE WHEY PROTEIN es una de las mejores fuentes de amino\u00e1cidos de cadena ramificada (BCAA).<\/p>\n<p>Es dif\u00edcil exagerar la importancia de las prote\u00ednas en el cuerpo humano. Las prote\u00ednas ayudan a reparar, construir, mantener y regenerar el tejido muscular. Favorece el crecimiento muscular magro y aumenta la fuerza muscular en los atletas. Las prote\u00ednas tambi\u00e9n son importantes para mantener unos huesos sanos. La dosis diaria adecuada de prote\u00ednas es esencial para la salud humana.<\/p>\n<\/div>\n<\/div>\n<div class=\"col medium-6 small-12 large-6\">\n<div class=\"col-inner\">\n<p>Aparte del crecimiento muscular, las prote\u00ednas tambi\u00e9n intervienen en las siguientes funciones:<\/p>\n<ul>\n<li>Proporcionar al organismo prote\u00ednas esenciales para la funci\u00f3n muscular;<\/li>\n<li>Fortalecer los m\u00fasculos y contribuir a la recuperaci\u00f3n muscular de las personas que realizan ejercicio intenso;<\/li>\n<li>Reducci\u00f3n del sobrepeso y supresi\u00f3n del apetito para quienes intentan desarrollar tejido muscular magro.<\/li>\n<\/ul>\n<p>Recibir\u00e1 todos estos beneficios y m\u00e1s incluyendo regularmente esta prote\u00edna de fabricaci\u00f3n lituana en su dieta - comprar\u00a0<strong>\"ELECCI\u00d3N SALUDABLE\"<\/strong>\u00a0100% PURE and WATER-SOLUBLE WHEY PROTEIN \u00a1ahora!<\/p>\n<p><strong>S\u00ed. Podemos garantizar la mejor calidad de nuestro producto gracias a la colaboraci\u00f3n con ROKI\u0160KIO S\u016aRIS AB, la planta de procesamiento de productos l\u00e1cteos m\u00e1s moderna de Europa.<\/strong><\/p>\n<\/div>\n<\/div>\n<\/div>","protected":false},"excerpt":{"rendered":"<p>100% PURE and WATER-SOLUBLE WHEY PROTEIN es un concentrado de prote\u00edna de suero de primera calidad con un contenido en prote\u00ednas superior a 80%.<\/p>","protected":false},"featured_media":2038,"template":"","meta":[],"product_brand":[],"product_cat":[29],"product_tag":[43,44],"giftcard-category":[],"class_list":{"0":"post-1563","1":"product","2":"type-product","3":"status-publish","4":"has-post-thumbnail","6":"product_cat-whey-proteins","7":"product_tag-l-carnitine-or-collagen-gift","8":"product_tag-baltymai","10":"first","11":"instock","12":"taxable","13":"shipping-taxable","14":"purchasable","15":"product-type-simple"},"aioseo_notices":[],"_links":{"self":[{"href":"https:\/\/healthy-choice.co.uk\/es\/wp-json\/wp\/v2\/product\/1563","targetHints":{"allow":["GET"]}}],"collection":[{"href":"https:\/\/healthy-choice.co.uk\/es\/wp-json\/wp\/v2\/product"}],"about":[{"href":"https:\/\/healthy-choice.co.uk\/es\/wp-json\/wp\/v2\/types\/product"}],"wp:featuredmedia":[{"embeddable":true,"href":"https:\/\/healthy-choice.co.uk\/es\/wp-json\/wp\/v2\/media\/2038"}],"wp:attachment":[{"href":"https:\/\/healthy-choice.co.uk\/es\/wp-json\/wp\/v2\/media?parent=1563"}],"wp:term":[{"taxonomy":"product_brand","embeddable":true,"href":"https:\/\/healthy-choice.co.uk\/es\/wp-json\/wp\/v2\/product_brand?post=1563"},{"taxonomy":"product_cat","embeddable":true,"href":"https:\/\/healthy-choice.co.uk\/es\/wp-json\/wp\/v2\/product_cat?post=1563"},{"taxonomy":"product_tag","embeddable":true,"href":"https:\/\/healthy-choice.co.uk\/es\/wp-json\/wp\/v2\/product_tag?post=1563"},{"taxonomy":"giftcard-category","embeddable":true,"href":"https:\/\/healthy-choice.co.uk\/es\/wp-json\/wp\/v2\/giftcard-category?post=1563"}],"curies":[{"name":"wp","href":"https:\/\/api.w.org\/{rel}","templated":true}]}}