{"id":1543,"date":"2015-07-05T14:14:31","date_gmt":"2015-07-05T11:14:31","guid":{"rendered":"https:\/\/healthy-choice.co.uk\/?post_type=product&#038;p=1543"},"modified":"2025-02-03T10:38:37","modified_gmt":"2025-02-03T08:38:37","slug":"fizinis-dovanu-kuponas","status":"publish","type":"product","link":"https:\/\/healthy-choice.co.uk\/es\/producto\/fizinis-dovanu-kuponas\/","title":{"rendered":"Tarjeta regalo f\u00edsica"},"content":{"rendered":"","protected":false},"excerpt":{"rendered":"<p>\u00bfNo sabe qu\u00e9 regalar a un ser querido? Regale un vale electr\u00f3nico de Healthy Choice. Al fin y al cabo, la salud es lo m\u00e1s preciado que tenemos, y nuestro objetivo es que usted y sus seres queridos encuentren lo que les falta e irradien fuerza, belleza y, por supuesto, \u00a1salud!<\/p>","protected":false},"featured_media":1231,"template":"","meta":[],"product_brand":[],"product_cat":[26],"product_tag":[],"giftcard-category":[],"class_list":{"0":"post-1543","1":"product","2":"type-product","3":"status-publish","4":"has-post-thumbnail","6":"product_cat-gift-vouchers","8":"first","9":"instock","10":"taxable","11":"shipping-taxable","12":"purchasable","13":"product-type-gift-card"},"aioseo_notices":[],"_links":{"self":[{"href":"https:\/\/healthy-choice.co.uk\/es\/wp-json\/wp\/v2\/product\/1543","targetHints":{"allow":["GET"]}}],"collection":[{"href":"https:\/\/healthy-choice.co.uk\/es\/wp-json\/wp\/v2\/product"}],"about":[{"href":"https:\/\/healthy-choice.co.uk\/es\/wp-json\/wp\/v2\/types\/product"}],"wp:featuredmedia":[{"embeddable":true,"href":"https:\/\/healthy-choice.co.uk\/es\/wp-json\/wp\/v2\/media\/1231"}],"wp:attachment":[{"href":"https:\/\/healthy-choice.co.uk\/es\/wp-json\/wp\/v2\/media?parent=1543"}],"wp:term":[{"taxonomy":"product_brand","embeddable":true,"href":"https:\/\/healthy-choice.co.uk\/es\/wp-json\/wp\/v2\/product_brand?post=1543"},{"taxonomy":"product_cat","embeddable":true,"href":"https:\/\/healthy-choice.co.uk\/es\/wp-json\/wp\/v2\/product_cat?post=1543"},{"taxonomy":"product_tag","embeddable":true,"href":"https:\/\/healthy-choice.co.uk\/es\/wp-json\/wp\/v2\/product_tag?post=1543"},{"taxonomy":"giftcard-category","embeddable":true,"href":"https:\/\/healthy-choice.co.uk\/es\/wp-json\/wp\/v2\/giftcard-category?post=1543"}],"curies":[{"name":"wp","href":"https:\/\/api.w.org\/{rel}","templated":true}]}}