{"id":491,"date":"2022-06-29T17:50:34","date_gmt":"2022-06-29T17:50:34","guid":{"rendered":"https:\/\/demo.creativethemes.com\/elementor\/floreo\/?page_id=491"},"modified":"2024-04-09T13:31:15","modified_gmt":"2024-04-09T10:31:15","slug":"payment-shipping","status":"publish","type":"page","link":"https:\/\/healthy-choice.co.uk\/es\/payment-shipping\/","title":{"rendered":"Pago y env\u00edo"},"content":{"rendered":"<div data-elementor-type=\"wp-page\" data-elementor-id=\"491\" class=\"elementor elementor-491\">\n\t\t\t\t\t\t<section class=\"elementor-section elementor-top-section elementor-element elementor-element-5989b116 ct-section-stretched elementor-section-boxed elementor-section-height-default elementor-section-height-default\" data-id=\"5989b116\" data-element_type=\"section\" data-e-type=\"section\" data-settings=\"{&quot;background_background&quot;:&quot;classic&quot;}\">\n\t\t\t\t\t\t<div class=\"elementor-container elementor-column-gap-default\">\n\t\t\t\t\t<div class=\"elementor-column elementor-col-100 elementor-top-column elementor-element elementor-element-49861077\" data-id=\"49861077\" data-element_type=\"column\" data-e-type=\"column\">\n\t\t\t<div class=\"elementor-widget-wrap elementor-element-populated\">\n\t\t\t\t\t\t<div class=\"elementor-element elementor-element-76f0ed4 elementor-widget elementor-widget-heading\" data-id=\"76f0ed4\" data-element_type=\"widget\" data-e-type=\"widget\" data-widget_type=\"heading.default\">\n\t\t\t\t<div class=\"elementor-widget-container\">\n\t\t\t\t\t<h2 class=\"elementor-heading-title elementor-size-default\">Pago<\/h2>\t\t\t\t<\/div>\n\t\t\t\t<\/div>\n\t\t\t\t<div class=\"elementor-element elementor-element-9e70a73 elementor-widget elementor-widget-text-editor\" data-id=\"9e70a73\" data-element_type=\"widget\" data-e-type=\"widget\" data-widget_type=\"text-editor.default\">\n\t\t\t\t<div class=\"elementor-widget-container\">\n\t\t\t\t\t\t\t\t\t<p><strong>1. Puede pagar mediante banca electr\u00f3nica (Paysera)<\/strong><\/p><p>Paysera es un sistema de pago electr\u00f3nico que combina diferentes m\u00e9todos de pago: a trav\u00e9s del sistema Paysera, banca electr\u00f3nica o tarjetas de pago. Paysera ofrece una cuenta multidivisa gratuita, que s\u00f3lo se tarda unos minutos en abrir y recargar. Tambi\u00e9n pagos en l\u00ednea r\u00e1pidos y seguros, por los que el comprador recibe el reembolso de parte del importe gastado. Paysera tambi\u00e9n proporciona acceso a un c\u00f3modo monedero m\u00f3vil que facilita a\u00fan m\u00e1s los pagos tanto en l\u00ednea como en lugares f\u00edsicos. Pagar a trav\u00e9s de Paysera es r\u00e1pido, moderno y \u00fatil. Por cada pago, el comprador devuelve a la cuenta de Paysera hasta 1% del importe pagado por los bienes o servicios.<\/p><p>\"Danske Bank A\/S\" Lietuvos filiales, AS Luminor (\"DNB\") bankas, AS Citadele bankas, AS Luminor (\"Nordea\") bankas, AB SEB bankas, AB bankas \"Swedbank\", AB \u0160iauli\u0173 bankas, UAB Medicinos bankas, Lietuvos kredito unijos, MoQ, Paysera s\u0105skaita, Kreditin\u0117s kortel\u0117s<\/p>\t\t\t\t\t\t\t\t<\/div>\n\t\t\t\t<\/div>\n\t\t\t\t<div class=\"elementor-element elementor-element-b074be8 elementor-widget elementor-widget-text-editor\" data-id=\"b074be8\" data-element_type=\"widget\" data-e-type=\"widget\" data-widget_type=\"text-editor.default\">\n\t\t\t\t<div class=\"elementor-widget-container\">\n\t\t\t\t\t\t\t\t\t<p><strong>2. Puede pagar mediante transferencia bancaria:<\/strong><\/p><p>Requisitos para la liquidaci\u00f3n:<\/p><ol><li><em><strong>AB \"SEB\" bankas:<\/strong><\/em><br \/>N\u00ba de cuenta: LT39 7044 0600 0786 3477 - EUR \/ USD \/ GBP (multidivisa)<br \/>C\u00f3digo bancario: 70440<br \/>C\u00f3digo S.W.I.F.T: CBVILT2X<\/li><li><em><strong>Paysera:\u00a0<\/strong><\/em>Entidad de dinero electr\u00f3nico UAB Paysera<br \/>N\u00ba de cuenta: LT13 3500 0100 0139 8442 - EUR \/ USD \/ GBP (multidivisa).\u00a0<span class=\"goog-text-highlight\">C\u00f3digo bancario: 35000,\u00a0<\/span><span class=\"goog-text-highlight\">C\u00f3digo S.WIFT: EVIULT21XXX<\/span><br \/><br \/><\/li><\/ol><p>No olvide escribir\u00a0<strong><u>c\u00f3digo de pedido<\/u><\/strong>\u00a0en el campo \"Finalidad\" de la transferencia bancaria.<\/p>\t\t\t\t\t\t\t\t<\/div>\n\t\t\t\t<\/div>\n\t\t\t\t\t<\/div>\n\t\t<\/div>\n\t\t\t\t\t<\/div>\n\t\t<\/section>\n\t\t\t\t<section class=\"elementor-section elementor-top-section elementor-element elementor-element-b4986d8 elementor-section-boxed elementor-section-height-default elementor-section-height-default\" data-id=\"b4986d8\" data-element_type=\"section\" data-e-type=\"section\">\n\t\t\t\t\t\t<div class=\"elementor-container elementor-column-gap-default\">\n\t\t\t\t\t<div class=\"elementor-column elementor-col-100 elementor-top-column elementor-element elementor-element-73e89ab\" data-id=\"73e89ab\" data-element_type=\"column\" data-e-type=\"column\">\n\t\t\t<div class=\"elementor-widget-wrap elementor-element-populated\">\n\t\t\t\t\t\t<div class=\"elementor-element elementor-element-472b1f0 elementor-widget elementor-widget-heading\" data-id=\"472b1f0\" data-element_type=\"widget\" data-e-type=\"widget\" data-widget_type=\"heading.default\">\n\t\t\t\t<div class=\"elementor-widget-container\">\n\t\t\t\t\t<h2 class=\"elementor-heading-title elementor-size-default\">Entrega<\/h2>\t\t\t\t<\/div>\n\t\t\t\t<\/div>\n\t\t\t\t<div class=\"elementor-element elementor-element-e951280 elementor-widget elementor-widget-text-editor\" data-id=\"e951280\" data-element_type=\"widget\" data-e-type=\"widget\" data-widget_type=\"text-editor.default\">\n\t\t\t\t<div class=\"elementor-widget-container\">\n\t\t\t\t\t\t\t\t\t<p>1.1. Vendedor tiene como objetivo dar mensajer\u00eda bienes particulares ordenados por el comprador dentro de 2 d\u00edas h\u00e1biles despu\u00e9s del pago de las mercanc\u00edas.<br \/>1.2. El transportista entrega las mercanc\u00edas en la direcci\u00f3n del Comprador en:<br \/>1.2.1. 1-2 d\u00edas laborables en Lituania;<br \/>1.2.2. Para otros pa\u00edses, p\u00f3ngase en contacto por tel\u00e9fono o correo electr\u00f3nico;<br \/>1.3. Los servicios de Venipak Lietuva se utilizan para la entrega de mercanc\u00edas.<br \/>1.4. Todos los pedidos se enviar\u00e1n a trav\u00e9s de la empresa de mensajer\u00eda Venipak Lietuva. Cuando se env\u00ede su pedido, recibir\u00e1 una notificaci\u00f3n con el n\u00famero de seguimiento del paquete para que pueda seguir su evoluci\u00f3n a trav\u00e9s del servicio en l\u00ednea.<br \/>1.5. El comprador puede leer la informaci\u00f3n relativa a las horas de trabajo de Venipak Lietuva (tiempo de entrega) y los servicios de Venipak Lietuva en la p\u00e1gina web de Venipak disponible en el pa\u00eds en particular.<br \/>1.6. Si no encuentra su pa\u00eds, p\u00f3ngase en contacto con nosotros por correo electr\u00f3nico o tel\u00e9fono y le buscaremos el m\u00e9todo de env\u00edo m\u00e1s conveniente.<\/p><p><strong>Pedido superior a 50\u20ac - Entrega GRATUITA en Lituania<br \/><\/strong>En los dem\u00e1s pa\u00edses, el precio del env\u00edo se calcula en funci\u00f3n del peso del pedido.<\/p>\t\t\t\t\t\t\t\t<\/div>\n\t\t\t\t<\/div>\n\t\t\t\t\t<\/div>\n\t\t<\/div>\n\t\t\t\t\t<\/div>\n\t\t<\/section>\n\t\t\t\t<section class=\"elementor-section elementor-top-section elementor-element elementor-element-c740a31 elementor-section-boxed elementor-section-height-default elementor-section-height-default\" data-id=\"c740a31\" data-element_type=\"section\" data-e-type=\"section\">\n\t\t\t\t\t\t<div class=\"elementor-container elementor-column-gap-default\">\n\t\t\t\t\t<div class=\"elementor-column elementor-col-100 elementor-top-column elementor-element elementor-element-5b9eb46\" data-id=\"5b9eb46\" data-element_type=\"column\" data-e-type=\"column\">\n\t\t\t<div class=\"elementor-widget-wrap elementor-element-populated\">\n\t\t\t\t\t\t<div class=\"elementor-element elementor-element-d5923c9 elementor-widget elementor-widget-heading\" data-id=\"d5923c9\" data-element_type=\"widget\" data-e-type=\"widget\" data-widget_type=\"heading.default\">\n\t\t\t\t<div class=\"elementor-widget-container\">\n\t\t\t\t\t<h2 class=\"elementor-heading-title elementor-size-default\">Devuelve<\/h2>\t\t\t\t<\/div>\n\t\t\t\t<\/div>\n\t\t\t\t<div class=\"elementor-element elementor-element-e7bef0d elementor-widget elementor-widget-text-editor\" data-id=\"e7bef0d\" data-element_type=\"widget\" data-e-type=\"widget\" data-widget_type=\"text-editor.default\">\n\t\t\t\t<div class=\"elementor-widget-container\">\n\t\t\t\t\t\t\t\t\t<p>2.1. Mercanc\u00edas adquiridas\u00a0<strong>directamente<\/strong> de www.healthychoice.co.uk pueden devolverse en un plazo de 15 d\u00edas a partir de la entrega.<br \/>2.2. S\u00f3lo se admitir\u00e1n devoluciones cuando el envase del producto no est\u00e9 abierto.<br \/>2.3. Los productos deben devolverse en su embalaje original.<br \/>2.4. El reembolso del Comprador podr\u00e1 efectuarse en un plazo de 5 d\u00edas laborables a partir de la fecha en que las mercanc\u00edas hayan sido devueltas al Vendedor y \u00e9ste haya confirmado que las mercanc\u00edas han sido aceptadas como devueltas. Los gastos de env\u00edo no son reembolsables.<br \/>2.5. Si desea devolver un art\u00edculo para su cambio o reembolso, le sugerimos que lo haga a trav\u00e9s de un servicio de entrega seguro (como Venipak, UPS, DHL, DPD, etc.). No nos hacemos responsables de los art\u00edculos no recibidos. Los gastos de devoluci\u00f3n corren a cargo del comprador.<br \/>2.6. Normalmente, una solicitud de devoluci\u00f3n se tramitar\u00e1 en un plazo de 48 horas desde su recepci\u00f3n.<br \/>2.7. Direcci\u00f3n para devoluciones: Sporto st. 3-79, LT-09238, Vilnius, Lituania.<\/p>\t\t\t\t\t\t\t\t<\/div>\n\t\t\t\t<\/div>\n\t\t\t\t\t<\/div>\n\t\t<\/div>\n\t\t\t\t\t<\/div>\n\t\t<\/section>\n\t\t\t\t<\/div>","protected":false},"excerpt":{"rendered":"<p>Payment 1. You can pay by using E-banking (Paysera) Paysera is an electronic payment system that combines different payment methods: via the Paysera system, electronic banking or payment cards. Paysera offers a free multi-currency account, which takes just a few minutes to open and top up. Also fast and secure online payments, for which the [&hellip;]<\/p>\n","protected":false},"author":3,"featured_media":0,"parent":0,"menu_order":0,"comment_status":"closed","ping_status":"closed","template":"","meta":{"footnotes":""},"class_list":["post-491","page","type-page","status-publish","hentry"],"blocksy_meta":[],"aioseo_notices":[],"_links":{"self":[{"href":"https:\/\/healthy-choice.co.uk\/es\/wp-json\/wp\/v2\/pages\/491","targetHints":{"allow":["GET"]}}],"collection":[{"href":"https:\/\/healthy-choice.co.uk\/es\/wp-json\/wp\/v2\/pages"}],"about":[{"href":"https:\/\/healthy-choice.co.uk\/es\/wp-json\/wp\/v2\/types\/page"}],"author":[{"embeddable":true,"href":"https:\/\/healthy-choice.co.uk\/es\/wp-json\/wp\/v2\/users\/3"}],"replies":[{"embeddable":true,"href":"https:\/\/healthy-choice.co.uk\/es\/wp-json\/wp\/v2\/comments?post=491"}],"version-history":[{"count":1,"href":"https:\/\/healthy-choice.co.uk\/es\/wp-json\/wp\/v2\/pages\/491\/revisions"}],"predecessor-version":[{"id":2232,"href":"https:\/\/healthy-choice.co.uk\/es\/wp-json\/wp\/v2\/pages\/491\/revisions\/2232"}],"wp:attachment":[{"href":"https:\/\/healthy-choice.co.uk\/es\/wp-json\/wp\/v2\/media?parent=491"}],"curies":[{"name":"wp","href":"https:\/\/api.w.org\/{rel}","templated":true}]}}